{"id":29214,"date":"2018-07-02T17:18:52","date_gmt":"2018-07-02T15:18:52","guid":{"rendered":"https:\/\/www.fila.it\/ch\/product\/giotto-robercolor-2\/"},"modified":"2018-07-02T17:18:52","modified_gmt":"2018-07-02T15:18:52","slug":"giotto-robercolor","status":"publish","type":"product","link":"https:\/\/www.fila.it\/ch\/fr\/product\/giotto-robercolor\/","title":{"rendered":"Giotto Robercolor"},"content":{"rendered":"<p>Les craies sont toujours tr\u00e8s appr\u00e9ci\u00e9es en classe. Fait \u00e0 base de Calcium et de carbonate, elle est fabriqu\u00e9e avec de la v\u00e9ritable craie Fran\u00e7aise. Test\u00e9e dermatologiquement et non poussi\u00e9reuse, elle glisse sur le tableau sans laisser de rayures, faisant des lignes nettes et propres.<\/p>\n","protected":false},"excerpt":{"rendered":"<p>Premier de la classe avec Giotto Robercolor!<\/p>\n","protected":false},"featured_media":25561,"comment_status":"closed","ping_status":"open","template":"","meta":[],"product_cat":[5123],"product_tag":[5131,5155,5124],"acf":[],"_links":{"self":[{"href":"https:\/\/www.fila.it\/ch\/fr\/wp-json\/wp\/v2\/product\/29214"}],"collection":[{"href":"https:\/\/www.fila.it\/ch\/fr\/wp-json\/wp\/v2\/product"}],"about":[{"href":"https:\/\/www.fila.it\/ch\/fr\/wp-json\/wp\/v2\/types\/product"}],"replies":[{"embeddable":true,"href":"https:\/\/www.fila.it\/ch\/fr\/wp-json\/wp\/v2\/comments?post=29214"}],"wp:featuredmedia":[{"embeddable":true,"href":"https:\/\/www.fila.it\/ch\/fr\/wp-json\/wp\/v2\/media\/25561"}],"wp:attachment":[{"href":"https:\/\/www.fila.it\/ch\/fr\/wp-json\/wp\/v2\/media?parent=29214"}],"wp:term":[{"taxonomy":"product_cat","embeddable":true,"href":"https:\/\/www.fila.it\/ch\/fr\/wp-json\/wp\/v2\/product_cat?post=29214"},{"taxonomy":"product_tag","embeddable":true,"href":"https:\/\/www.fila.it\/ch\/fr\/wp-json\/wp\/v2\/product_tag?post=29214"}],"curies":[{"name":"wp","href":"https:\/\/api.w.org\/{rel}","templated":true}]}}