{"id":29216,"date":"2018-07-02T17:18:57","date_gmt":"2018-07-02T15:18:57","guid":{"rendered":"https:\/\/www.fila.it\/ch\/product\/giotto-stick-2\/"},"modified":"2018-07-02T17:18:57","modified_gmt":"2018-07-02T15:18:57","slug":"giotto-stick","status":"publish","type":"product","link":"https:\/\/www.fila.it\/ch\/fr\/product\/giotto-stick\/","title":{"rendered":"Giotto Stick"},"content":{"rendered":"<p>Le b\u00e2ton de colle est id\u00e9al pour tous les collages pr\u00e9cis sur du carton, papier et photo. Le capuchon \u00e0 fermeture clipp\u00e9e est un gage de propret\u00e9 et de s\u00e9curit\u00e9. Facile \u00e0 utiliser par tous, et particuli\u00e8rement \u00e0 l&#8217;\u00e9cole. Le b\u00e2ton de colle est large, facile \u00e0 appliquer et ne laisse pas de r\u00e9sidu sur le mat\u00e9riel que vous utilisez. S\u00e9chage rapide sans solvant.<\/p>\n","protected":false},"excerpt":{"rendered":"<p>Collez votre papier avec Giotto Stick.<\/p>\n","protected":false},"featured_media":10366,"comment_status":"closed","ping_status":"open","template":"","meta":[],"product_cat":[5149],"product_tag":[5131,5150,5151],"acf":[],"_links":{"self":[{"href":"https:\/\/www.fila.it\/ch\/fr\/wp-json\/wp\/v2\/product\/29216"}],"collection":[{"href":"https:\/\/www.fila.it\/ch\/fr\/wp-json\/wp\/v2\/product"}],"about":[{"href":"https:\/\/www.fila.it\/ch\/fr\/wp-json\/wp\/v2\/types\/product"}],"replies":[{"embeddable":true,"href":"https:\/\/www.fila.it\/ch\/fr\/wp-json\/wp\/v2\/comments?post=29216"}],"wp:featuredmedia":[{"embeddable":true,"href":"https:\/\/www.fila.it\/ch\/fr\/wp-json\/wp\/v2\/media\/10366"}],"wp:attachment":[{"href":"https:\/\/www.fila.it\/ch\/fr\/wp-json\/wp\/v2\/media?parent=29216"}],"wp:term":[{"taxonomy":"product_cat","embeddable":true,"href":"https:\/\/www.fila.it\/ch\/fr\/wp-json\/wp\/v2\/product_cat?post=29216"},{"taxonomy":"product_tag","embeddable":true,"href":"https:\/\/www.fila.it\/ch\/fr\/wp-json\/wp\/v2\/product_tag?post=29216"}],"curies":[{"name":"wp","href":"https:\/\/api.w.org\/{rel}","templated":true}]}}