{"id":29218,"date":"2018-07-02T17:19:02","date_gmt":"2018-07-02T15:19:02","guid":{"rendered":"https:\/\/www.fila.it\/ch\/product\/giotto-stilnovo-schoolpack\/"},"modified":"2018-07-02T17:19:02","modified_gmt":"2018-07-02T15:19:02","slug":"giotto-stilnovo-schoolpack","status":"publish","type":"product","link":"https:\/\/www.fila.it\/ch\/fr\/product\/giotto-stilnovo-schoolpack\/","title":{"rendered":"Giotto Stilnovo &#8211; Schoolpack"},"content":{"rendered":"<p>Giotto Stilnovo, le crayon de couleur invent\u00e9 pour l&#8217;\u00e9cole, avec un espace pour que les enfants puissent \u00e9crire leur pr\u00e9nom eux m\u00eames sur le crayon. Toute la qualit\u00e9 de Giotto dans un crayon de couleur facile \u00e0 tailler avec une mine de 3.3 mm, vernis dans la couleur de la mine et avec des rayures argent\u00e9es.<\/p>\n","protected":false},"excerpt":{"rendered":"<p>Chaque dessin \u00e0 l&#8217;\u00e9cole c&#8217;est tout un art avec les crayons Giotto Stilnovo.<\/p>\n","protected":false},"featured_media":10372,"comment_status":"closed","ping_status":"open","template":"","meta":[],"product_cat":[5123],"product_tag":[5201,5163,5124,5171],"acf":[],"_links":{"self":[{"href":"https:\/\/www.fila.it\/ch\/fr\/wp-json\/wp\/v2\/product\/29218"}],"collection":[{"href":"https:\/\/www.fila.it\/ch\/fr\/wp-json\/wp\/v2\/product"}],"about":[{"href":"https:\/\/www.fila.it\/ch\/fr\/wp-json\/wp\/v2\/types\/product"}],"replies":[{"embeddable":true,"href":"https:\/\/www.fila.it\/ch\/fr\/wp-json\/wp\/v2\/comments?post=29218"}],"wp:featuredmedia":[{"embeddable":true,"href":"https:\/\/www.fila.it\/ch\/fr\/wp-json\/wp\/v2\/media\/10372"}],"wp:attachment":[{"href":"https:\/\/www.fila.it\/ch\/fr\/wp-json\/wp\/v2\/media?parent=29218"}],"wp:term":[{"taxonomy":"product_cat","embeddable":true,"href":"https:\/\/www.fila.it\/ch\/fr\/wp-json\/wp\/v2\/product_cat?post=29218"},{"taxonomy":"product_tag","embeddable":true,"href":"https:\/\/www.fila.it\/ch\/fr\/wp-json\/wp\/v2\/product_tag?post=29218"}],"curies":[{"name":"wp","href":"https:\/\/api.w.org\/{rel}","templated":true}]}}