{"id":29219,"date":"2018-07-02T17:19:04","date_gmt":"2018-07-02T15:19:04","guid":{"rendered":"https:\/\/www.fila.it\/ch\/product\/giotto-stilnovo-aquarell\/"},"modified":"2018-07-02T17:19:04","modified_gmt":"2018-07-02T15:19:04","slug":"giotto-stilnovo-aquarell","status":"publish","type":"product","link":"https:\/\/www.fila.it\/ch\/fr\/product\/giotto-stilnovo-aquarell\/","title":{"rendered":"Giotto Stilnovo Aquarell"},"content":{"rendered":"<p>Passez un pinceau humide sur votre dessin termin\u00e9 et observez les couleurs se dissoudre instantan\u00e9ment, cr\u00e9ant ansi un effet aquarelle. Les r\u00e9sultats sont incroyables. Ces crayons sont super r\u00e9sistants, ont une mine de 3.3 mm de diam\u00e8tre  et sont disponibles en 36 couleurs diff\u00e9rentes.<\/p>\n","protected":false},"excerpt":{"rendered":"<p>Avec GIOTTO Stilnovo Aquarell, dessiner c&#8217;est vraiment magique!<\/p>\n","protected":false},"featured_media":10375,"comment_status":"closed","ping_status":"open","template":"","meta":[],"product_cat":[5123],"product_tag":[5203,5163,5124],"acf":[],"_links":{"self":[{"href":"https:\/\/www.fila.it\/ch\/fr\/wp-json\/wp\/v2\/product\/29219"}],"collection":[{"href":"https:\/\/www.fila.it\/ch\/fr\/wp-json\/wp\/v2\/product"}],"about":[{"href":"https:\/\/www.fila.it\/ch\/fr\/wp-json\/wp\/v2\/types\/product"}],"replies":[{"embeddable":true,"href":"https:\/\/www.fila.it\/ch\/fr\/wp-json\/wp\/v2\/comments?post=29219"}],"wp:featuredmedia":[{"embeddable":true,"href":"https:\/\/www.fila.it\/ch\/fr\/wp-json\/wp\/v2\/media\/10375"}],"wp:attachment":[{"href":"https:\/\/www.fila.it\/ch\/fr\/wp-json\/wp\/v2\/media?parent=29219"}],"wp:term":[{"taxonomy":"product_cat","embeddable":true,"href":"https:\/\/www.fila.it\/ch\/fr\/wp-json\/wp\/v2\/product_cat?post=29219"},{"taxonomy":"product_tag","embeddable":true,"href":"https:\/\/www.fila.it\/ch\/fr\/wp-json\/wp\/v2\/product_tag?post=29219"}],"curies":[{"name":"wp","href":"https:\/\/api.w.org\/{rel}","templated":true}]}}