{"id":29220,"date":"2018-07-02T17:19:06","date_gmt":"2018-07-02T15:19:06","guid":{"rendered":"https:\/\/www.fila.it\/ch\/product\/giotto-stilnovo-aquarell-schoolpack\/"},"modified":"2018-07-02T17:19:06","modified_gmt":"2018-07-02T15:19:06","slug":"giotto-stilnovo-aquarell-schoolpack","status":"publish","type":"product","link":"https:\/\/www.fila.it\/ch\/fr\/product\/giotto-stilnovo-aquarell-schoolpack\/","title":{"rendered":"Giotto Stilnovo Aquarell &#8211; Schoolpack"},"content":{"rendered":"<p>48 crayons en 12 couleurs assortis ! Ces crayons sont super r\u00e9sistants, ont une mine de 3.3 mm de diam\u00e8tre. Passez un pinceau humide sur votre dessin termin\u00e9 et observez les couleurs se dissoudre instantan\u00e9ment, cr\u00e9ant ansi un effet aquarelle. Les r\u00e9sultats sont incroyables.<\/p>\n","protected":false},"excerpt":{"rendered":"<p>Avec GIOTTO Stilnovo Aquarell, dessiner c&#8217;est vraiment magique, m\u00eame \u00e0 l&#8217;\u00e9cole.<\/p>\n","protected":false},"featured_media":10378,"comment_status":"closed","ping_status":"open","template":"","meta":[],"product_cat":[5123],"product_tag":[5163,5124,5171],"acf":[],"_links":{"self":[{"href":"https:\/\/www.fila.it\/ch\/fr\/wp-json\/wp\/v2\/product\/29220"}],"collection":[{"href":"https:\/\/www.fila.it\/ch\/fr\/wp-json\/wp\/v2\/product"}],"about":[{"href":"https:\/\/www.fila.it\/ch\/fr\/wp-json\/wp\/v2\/types\/product"}],"replies":[{"embeddable":true,"href":"https:\/\/www.fila.it\/ch\/fr\/wp-json\/wp\/v2\/comments?post=29220"}],"wp:featuredmedia":[{"embeddable":true,"href":"https:\/\/www.fila.it\/ch\/fr\/wp-json\/wp\/v2\/media\/10378"}],"wp:attachment":[{"href":"https:\/\/www.fila.it\/ch\/fr\/wp-json\/wp\/v2\/media?parent=29220"}],"wp:term":[{"taxonomy":"product_cat","embeddable":true,"href":"https:\/\/www.fila.it\/ch\/fr\/wp-json\/wp\/v2\/product_cat?post=29220"},{"taxonomy":"product_tag","embeddable":true,"href":"https:\/\/www.fila.it\/ch\/fr\/wp-json\/wp\/v2\/product_tag?post=29220"}],"curies":[{"name":"wp","href":"https:\/\/api.w.org\/{rel}","templated":true}]}}