{"id":29221,"date":"2018-07-02T17:19:09","date_gmt":"2018-07-02T15:19:09","guid":{"rendered":"https:\/\/www.fila.it\/ch\/product\/giotto-stilnovo-bicolor\/"},"modified":"2018-07-02T17:19:09","modified_gmt":"2018-07-02T15:19:09","slug":"giotto-stilnovo-bicolor","status":"publish","type":"product","link":"https:\/\/www.fila.it\/ch\/fr\/product\/giotto-stilnovo-bicolor\/","title":{"rendered":"Giotto Stilnovo Bicolor"},"content":{"rendered":"<p>Les crayons de couleur Giotto Stilnovo se multiplient par deux, doublant ainsi les possibilit\u00e9s cr\u00e9atives: chaque \u00e9tui de 12 crayons de couleur en contient 24. Les deux mines de couleur ont un diam\u00e8tre  de 3.3 mm, d&#8217;une excellente qualit\u00e9.<\/p>\n","protected":false},"excerpt":{"rendered":"<p>Doublez votre cr\u00e9ativit\u00e9 avec les crayons Giotto Stilnovo Bicolor.<\/p>\n","protected":false},"featured_media":10381,"comment_status":"closed","ping_status":"open","template":"","meta":[],"product_cat":[5123],"product_tag":[5205,5163,5124],"acf":[],"_links":{"self":[{"href":"https:\/\/www.fila.it\/ch\/fr\/wp-json\/wp\/v2\/product\/29221"}],"collection":[{"href":"https:\/\/www.fila.it\/ch\/fr\/wp-json\/wp\/v2\/product"}],"about":[{"href":"https:\/\/www.fila.it\/ch\/fr\/wp-json\/wp\/v2\/types\/product"}],"replies":[{"embeddable":true,"href":"https:\/\/www.fila.it\/ch\/fr\/wp-json\/wp\/v2\/comments?post=29221"}],"wp:featuredmedia":[{"embeddable":true,"href":"https:\/\/www.fila.it\/ch\/fr\/wp-json\/wp\/v2\/media\/10381"}],"wp:attachment":[{"href":"https:\/\/www.fila.it\/ch\/fr\/wp-json\/wp\/v2\/media?parent=29221"}],"wp:term":[{"taxonomy":"product_cat","embeddable":true,"href":"https:\/\/www.fila.it\/ch\/fr\/wp-json\/wp\/v2\/product_cat?post=29221"},{"taxonomy":"product_tag","embeddable":true,"href":"https:\/\/www.fila.it\/ch\/fr\/wp-json\/wp\/v2\/product_tag?post=29221"}],"curies":[{"name":"wp","href":"https:\/\/api.w.org\/{rel}","templated":true}]}}