{"id":29222,"date":"2018-07-02T17:19:11","date_gmt":"2018-07-02T15:19:11","guid":{"rendered":"https:\/\/www.fila.it\/ch\/product\/giotto-stilnovo-effacable\/"},"modified":"2018-07-02T17:19:11","modified_gmt":"2018-07-02T15:19:11","slug":"giotto-stilnovo-effacable","status":"publish","type":"product","link":"https:\/\/www.fila.it\/ch\/fr\/product\/giotto-stilnovo-effacable\/","title":{"rendered":"Giotto Stilnovo Effa\u00e7able"},"content":{"rendered":"<p>Crayons de couleur Stilnovo effa\u00e7ables. Id\u00e9al pour l\u2019\u00e9cole, pas juste pour colorier mais aussi pour \u00e9crire et souligner. Disponibles en bo\u00eete de 10 couleurs, avec taille-crayon et gomme g\u00e9ante inclus. Crayon de couleur hexagonal vernis dans la couleur de la mine. Rayures argent.\u00a0Mine effa\u00e7able de qualit\u00e9 sup\u00e9rieur \u00f8 3,3mm. Couleurs vives et intenses. Facile \u00e0 tailler.<\/p>\n","protected":false},"excerpt":{"rendered":"<p>Giotto Stilnovo Cancellabile, pour colorier, \u00e9crire, souligner et recommencer.<\/p>\n","protected":false},"featured_media":25563,"comment_status":"closed","ping_status":"open","template":"","meta":[],"product_cat":[5123],"product_tag":[5163,5124,5207],"acf":[],"_links":{"self":[{"href":"https:\/\/www.fila.it\/ch\/fr\/wp-json\/wp\/v2\/product\/29222"}],"collection":[{"href":"https:\/\/www.fila.it\/ch\/fr\/wp-json\/wp\/v2\/product"}],"about":[{"href":"https:\/\/www.fila.it\/ch\/fr\/wp-json\/wp\/v2\/types\/product"}],"replies":[{"embeddable":true,"href":"https:\/\/www.fila.it\/ch\/fr\/wp-json\/wp\/v2\/comments?post=29222"}],"wp:featuredmedia":[{"embeddable":true,"href":"https:\/\/www.fila.it\/ch\/fr\/wp-json\/wp\/v2\/media\/25563"}],"wp:attachment":[{"href":"https:\/\/www.fila.it\/ch\/fr\/wp-json\/wp\/v2\/media?parent=29222"}],"wp:term":[{"taxonomy":"product_cat","embeddable":true,"href":"https:\/\/www.fila.it\/ch\/fr\/wp-json\/wp\/v2\/product_cat?post=29222"},{"taxonomy":"product_tag","embeddable":true,"href":"https:\/\/www.fila.it\/ch\/fr\/wp-json\/wp\/v2\/product_tag?post=29222"}],"curies":[{"name":"wp","href":"https:\/\/api.w.org\/{rel}","templated":true}]}}