{"id":29226,"date":"2018-07-02T17:19:21","date_gmt":"2018-07-02T15:19:21","guid":{"rendered":"https:\/\/www.fila.it\/ch\/product\/giotto-extra-quality-fluo-paint\/"},"modified":"2018-07-02T17:19:21","modified_gmt":"2018-07-02T15:19:21","slug":"giotto-extra-quality-fluo-paint","status":"publish","type":"product","link":"https:\/\/www.fila.it\/ch\/fr\/product\/giotto-extra-quality-fluo-paint\/","title":{"rendered":"Giotto Extra Quality Fluo Paint"},"content":{"rendered":"<p>Effet fluorescent. Effets extra sp\u00e9ciaux pour les activit\u00e9s artistiques \u00e0 la maison et \u00e0 l&#8217;\u00e9cole avec cette peinture pr\u00eate \u00e0 l&#8217;emploi et facile \u00e0 appliquer. A base d&#8217;eau et de pigments s\u00e9curis\u00e9s. Les flacons de peinture Giotto Extra Quality Fluo jaune, vert, orange et rose ont un bouchon distributeur et ont une poign\u00e9e ergonomique pour faciliter le maintien. Les t\u00e2ches de peinture sur les v\u00eatements s&#8217;enl\u00e8vent en machine \u00e0 40\u00b0C.<\/p>\n","protected":false},"excerpt":{"rendered":"<p>Illuminez votre talent avec la peinture Giotto Extra Quality Fluo!<\/p>\n","protected":false},"featured_media":10408,"comment_status":"closed","ping_status":"open","template":"","meta":[],"product_cat":[5123],"product_tag":[5211,5124,5161],"acf":[],"_links":{"self":[{"href":"https:\/\/www.fila.it\/ch\/fr\/wp-json\/wp\/v2\/product\/29226"}],"collection":[{"href":"https:\/\/www.fila.it\/ch\/fr\/wp-json\/wp\/v2\/product"}],"about":[{"href":"https:\/\/www.fila.it\/ch\/fr\/wp-json\/wp\/v2\/types\/product"}],"replies":[{"embeddable":true,"href":"https:\/\/www.fila.it\/ch\/fr\/wp-json\/wp\/v2\/comments?post=29226"}],"wp:featuredmedia":[{"embeddable":true,"href":"https:\/\/www.fila.it\/ch\/fr\/wp-json\/wp\/v2\/media\/10408"}],"wp:attachment":[{"href":"https:\/\/www.fila.it\/ch\/fr\/wp-json\/wp\/v2\/media?parent=29226"}],"wp:term":[{"taxonomy":"product_cat","embeddable":true,"href":"https:\/\/www.fila.it\/ch\/fr\/wp-json\/wp\/v2\/product_cat?post=29226"},{"taxonomy":"product_tag","embeddable":true,"href":"https:\/\/www.fila.it\/ch\/fr\/wp-json\/wp\/v2\/product_tag?post=29226"}],"curies":[{"name":"wp","href":"https:\/\/api.w.org\/{rel}","templated":true}]}}