{"id":29231,"date":"2018-07-02T17:19:33","date_gmt":"2018-07-02T15:19:33","guid":{"rendered":"https:\/\/www.fila.it\/ch\/product\/giotto-turbo-advanced\/"},"modified":"2018-07-02T17:19:33","modified_gmt":"2018-07-02T15:19:33","slug":"giotto-turbo-advanced","status":"publish","type":"product","link":"https:\/\/www.fila.it\/ch\/fr\/product\/giotto-turbo-advanced\/","title":{"rendered":"Giotto Turbo Advanced"},"content":{"rendered":"<p>Giotto turbo advanced est la toute nouvelle ligne de feutres \u00e0 pointe moyenne, disponibles en 12 couleurs intenses et vives. Ils disposent d&#8217;une encre ultra lavable pour les mains et les tissus. La pointe est bloqu\u00e9e et ultra-r\u00e9sistante pour le plaisir du coloriage en toute s\u00e9curit\u00e9 !<\/p>\n","protected":false},"excerpt":{"rendered":"<p>Giotto Turbo Advanced pour artistes innovants.<\/p>\n","protected":false},"featured_media":10420,"comment_status":"closed","ping_status":"open","template":"","meta":[],"product_cat":[5123],"product_tag":[5124,5146,5215],"acf":[],"_links":{"self":[{"href":"https:\/\/www.fila.it\/ch\/fr\/wp-json\/wp\/v2\/product\/29231"}],"collection":[{"href":"https:\/\/www.fila.it\/ch\/fr\/wp-json\/wp\/v2\/product"}],"about":[{"href":"https:\/\/www.fila.it\/ch\/fr\/wp-json\/wp\/v2\/types\/product"}],"replies":[{"embeddable":true,"href":"https:\/\/www.fila.it\/ch\/fr\/wp-json\/wp\/v2\/comments?post=29231"}],"wp:featuredmedia":[{"embeddable":true,"href":"https:\/\/www.fila.it\/ch\/fr\/wp-json\/wp\/v2\/media\/10420"}],"wp:attachment":[{"href":"https:\/\/www.fila.it\/ch\/fr\/wp-json\/wp\/v2\/media?parent=29231"}],"wp:term":[{"taxonomy":"product_cat","embeddable":true,"href":"https:\/\/www.fila.it\/ch\/fr\/wp-json\/wp\/v2\/product_cat?post=29231"},{"taxonomy":"product_tag","embeddable":true,"href":"https:\/\/www.fila.it\/ch\/fr\/wp-json\/wp\/v2\/product_tag?post=29231"}],"curies":[{"name":"wp","href":"https:\/\/api.w.org\/{rel}","templated":true}]}}