{"id":29249,"date":"2018-07-02T17:20:17","date_gmt":"2018-07-02T15:20:17","guid":{"rendered":"https:\/\/www.fila.it\/ch\/product\/tablier-avec-manche\/"},"modified":"2018-07-02T17:20:17","modified_gmt":"2018-07-02T15:20:17","slug":"tablier-avec-manche","status":"publish","type":"product","link":"https:\/\/www.fila.it\/ch\/fr\/product\/tablier-avec-manche\/","title":{"rendered":"Tablier avec manche"},"content":{"rendered":"<p>Tablier anti-\u00e9claboussures ! Laissez vos v\u00eatements propres gr\u00e2ce au tablier Giotto ! Completez avec des manches pour une totale protection. Le tablier a \u00e9t\u00e9 con\u00e7u en taille unique pour les enfants \u00e0 partir de 3 ans et plus. Pratique, confortable et fonctionnel.<\/p>\n","protected":false},"excerpt":{"rendered":"<p>Retroussez vos manches, ce tablier est anti-\u00e9claboussures.<\/p>\n","protected":false},"featured_media":10462,"comment_status":"closed","ping_status":"open","template":"","meta":[],"product_cat":[5123],"product_tag":[4812,5124,5229],"acf":[],"_links":{"self":[{"href":"https:\/\/www.fila.it\/ch\/fr\/wp-json\/wp\/v2\/product\/29249"}],"collection":[{"href":"https:\/\/www.fila.it\/ch\/fr\/wp-json\/wp\/v2\/product"}],"about":[{"href":"https:\/\/www.fila.it\/ch\/fr\/wp-json\/wp\/v2\/types\/product"}],"replies":[{"embeddable":true,"href":"https:\/\/www.fila.it\/ch\/fr\/wp-json\/wp\/v2\/comments?post=29249"}],"wp:featuredmedia":[{"embeddable":true,"href":"https:\/\/www.fila.it\/ch\/fr\/wp-json\/wp\/v2\/media\/10462"}],"wp:attachment":[{"href":"https:\/\/www.fila.it\/ch\/fr\/wp-json\/wp\/v2\/media?parent=29249"}],"wp:term":[{"taxonomy":"product_cat","embeddable":true,"href":"https:\/\/www.fila.it\/ch\/fr\/wp-json\/wp\/v2\/product_cat?post=29249"},{"taxonomy":"product_tag","embeddable":true,"href":"https:\/\/www.fila.it\/ch\/fr\/wp-json\/wp\/v2\/product_tag?post=29249"}],"curies":[{"name":"wp","href":"https:\/\/api.w.org\/{rel}","templated":true}]}}