{"id":29256,"date":"2018-07-02T17:20:34","date_gmt":"2018-07-02T15:20:34","guid":{"rendered":"https:\/\/www.fila.it\/ch\/product\/lyra-color-giants-2\/"},"modified":"2018-07-02T17:20:34","modified_gmt":"2018-07-02T15:20:34","slug":"lyra-color-giants","status":"publish","type":"product","link":"https:\/\/www.fila.it\/ch\/fr\/product\/lyra-color-giants\/","title":{"rendered":"Lyra Color Giants"},"content":{"rendered":"<p>Grand c&#8217;est mieux. Ces crayons de couleur maxi sont de la couleur correspondant \u00e0 la mine du crayon et r\u00e9sistant gr\u00e2ce l&#8217;\u00e9paisseur de la mine de 6,3 mm. Les crayons de couleur Colour Giants sont disponibles dans une vaste gamme de couleurs extraordinairement de haute qualit\u00e9.<\/p>\n","protected":false},"excerpt":{"rendered":"<p>Lyra Color Giants, pour les cr\u00e9atifs qui pensent grands.<\/p>\n","protected":false},"featured_media":25642,"comment_status":"closed","ping_status":"open","template":"","meta":[],"product_cat":[5123],"product_tag":[5163,5124,4381],"acf":[],"_links":{"self":[{"href":"https:\/\/www.fila.it\/ch\/fr\/wp-json\/wp\/v2\/product\/29256"}],"collection":[{"href":"https:\/\/www.fila.it\/ch\/fr\/wp-json\/wp\/v2\/product"}],"about":[{"href":"https:\/\/www.fila.it\/ch\/fr\/wp-json\/wp\/v2\/types\/product"}],"replies":[{"embeddable":true,"href":"https:\/\/www.fila.it\/ch\/fr\/wp-json\/wp\/v2\/comments?post=29256"}],"wp:featuredmedia":[{"embeddable":true,"href":"https:\/\/www.fila.it\/ch\/fr\/wp-json\/wp\/v2\/media\/25642"}],"wp:attachment":[{"href":"https:\/\/www.fila.it\/ch\/fr\/wp-json\/wp\/v2\/media?parent=29256"}],"wp:term":[{"taxonomy":"product_cat","embeddable":true,"href":"https:\/\/www.fila.it\/ch\/fr\/wp-json\/wp\/v2\/product_cat?post=29256"},{"taxonomy":"product_tag","embeddable":true,"href":"https:\/\/www.fila.it\/ch\/fr\/wp-json\/wp\/v2\/product_tag?post=29256"}],"curies":[{"name":"wp","href":"https:\/\/api.w.org\/{rel}","templated":true}]}}