{"id":29257,"date":"2018-07-02T17:20:37","date_gmt":"2018-07-02T15:20:37","guid":{"rendered":"https:\/\/www.fila.it\/ch\/product\/lyra-color-giants-schoolpack\/"},"modified":"2018-07-02T17:20:37","modified_gmt":"2018-07-02T15:20:37","slug":"lyra-color-giants-schoolpack","status":"publish","type":"product","link":"https:\/\/www.fila.it\/ch\/fr\/product\/lyra-color-giants-schoolpack\/","title":{"rendered":"Lyra Color Giants &#8211; Schoolpack"},"content":{"rendered":"<p>Vous aimez les grands travaux ? Essayez ce crayon de couleur au corps hexagonal fait en bois, qu&#8217;est le Lyra Color Giants. Vernis de la m\u00eame couleur que la mine (6.25 mm de diam\u00e8tre ). Le Lyra Color Giants est disponible en une vaste et extraordinaire variet\u00e9 de couleurs. Pour les artistes qui voient les choses en grand.<\/p>\n","protected":false},"excerpt":{"rendered":"<p>Des crayons pour ceux qui pensent grand \u00e0 l&#8217;\u00e9cole avec Lyra Color Giant!<\/p>\n","protected":false},"featured_media":10595,"comment_status":"closed","ping_status":"open","template":"","meta":[],"product_cat":[5123],"product_tag":[5163,5124,4381],"acf":[],"_links":{"self":[{"href":"https:\/\/www.fila.it\/ch\/fr\/wp-json\/wp\/v2\/product\/29257"}],"collection":[{"href":"https:\/\/www.fila.it\/ch\/fr\/wp-json\/wp\/v2\/product"}],"about":[{"href":"https:\/\/www.fila.it\/ch\/fr\/wp-json\/wp\/v2\/types\/product"}],"replies":[{"embeddable":true,"href":"https:\/\/www.fila.it\/ch\/fr\/wp-json\/wp\/v2\/comments?post=29257"}],"wp:featuredmedia":[{"embeddable":true,"href":"https:\/\/www.fila.it\/ch\/fr\/wp-json\/wp\/v2\/media\/10595"}],"wp:attachment":[{"href":"https:\/\/www.fila.it\/ch\/fr\/wp-json\/wp\/v2\/media?parent=29257"}],"wp:term":[{"taxonomy":"product_cat","embeddable":true,"href":"https:\/\/www.fila.it\/ch\/fr\/wp-json\/wp\/v2\/product_cat?post=29257"},{"taxonomy":"product_tag","embeddable":true,"href":"https:\/\/www.fila.it\/ch\/fr\/wp-json\/wp\/v2\/product_tag?post=29257"}],"curies":[{"name":"wp","href":"https:\/\/api.w.org\/{rel}","templated":true}]}}