{"id":29262,"date":"2018-07-02T17:20:49","date_gmt":"2018-07-02T15:20:49","guid":{"rendered":"https:\/\/www.fila.it\/ch\/product\/lyra-groove\/"},"modified":"2018-07-02T17:20:49","modified_gmt":"2018-07-02T15:20:49","slug":"lyra-groove","status":"publish","type":"product","link":"https:\/\/www.fila.it\/ch\/fr\/product\/lyra-groove\/","title":{"rendered":"Lyra Groove"},"content":{"rendered":"<p>Essentiel pour n&#8217;importe quel dessin. Lyra Groove est un crayon de couleur ergonomique, anti-d\u00e9rapant gr\u00e2ce aux asp\u00e9rit\u00e9s pr\u00e9vues pour les doigts (index et pouce), garantissant un excellent maintien et ce, m\u00eame apr\u00e8s l&#8217;avoir taill\u00e9. Lyra Groove est simplement imbattable et imm\u00e9diatement identifiable gr\u00e2ce \u00e0 son design \u00e0 couper le souffle. Tout le monde le veut !<\/p>\n","protected":false},"excerpt":{"rendered":"<p>Un maintien s\u00fbr pour d\u00e9buter avec Lyra Groove!<\/p>\n","protected":false},"featured_media":10610,"comment_status":"closed","ping_status":"open","template":"","meta":[],"product_cat":[5123],"product_tag":[5163,5124,4381],"acf":[],"_links":{"self":[{"href":"https:\/\/www.fila.it\/ch\/fr\/wp-json\/wp\/v2\/product\/29262"}],"collection":[{"href":"https:\/\/www.fila.it\/ch\/fr\/wp-json\/wp\/v2\/product"}],"about":[{"href":"https:\/\/www.fila.it\/ch\/fr\/wp-json\/wp\/v2\/types\/product"}],"replies":[{"embeddable":true,"href":"https:\/\/www.fila.it\/ch\/fr\/wp-json\/wp\/v2\/comments?post=29262"}],"wp:featuredmedia":[{"embeddable":true,"href":"https:\/\/www.fila.it\/ch\/fr\/wp-json\/wp\/v2\/media\/10610"}],"wp:attachment":[{"href":"https:\/\/www.fila.it\/ch\/fr\/wp-json\/wp\/v2\/media?parent=29262"}],"wp:term":[{"taxonomy":"product_cat","embeddable":true,"href":"https:\/\/www.fila.it\/ch\/fr\/wp-json\/wp\/v2\/product_cat?post=29262"},{"taxonomy":"product_tag","embeddable":true,"href":"https:\/\/www.fila.it\/ch\/fr\/wp-json\/wp\/v2\/product_tag?post=29262"}],"curies":[{"name":"wp","href":"https:\/\/api.w.org\/{rel}","templated":true}]}}