{"id":29264,"date":"2018-07-02T17:20:54","date_gmt":"2018-07-02T15:20:54","guid":{"rendered":"https:\/\/www.fila.it\/ch\/product\/lyra-groove-graphite\/"},"modified":"2018-07-02T17:20:54","modified_gmt":"2018-07-02T15:20:54","slug":"lyra-groove-graphite","status":"publish","type":"product","link":"https:\/\/www.fila.it\/ch\/fr\/product\/lyra-groove-graphite\/","title":{"rendered":"Lyra Groove Graphite"},"content":{"rendered":"<p>Ce crayon graphite ergonomique au corps triangulaire est facile de maintien. Vos doigts se positionnent naturellement au bon emplacement. Les asp\u00e9rit\u00e9s anti-glissement qui orientent votre pouce et votre index garantissent un excellent maintien m\u00eame apr\u00e8s l&#8217;avoir taill\u00e9. Large de 10 mm de diam\u00e8tre , ce crayon de couleur est parfait pour apprendre \u00e0 \u00e9crire. Mine extra-r\u00e9sistante longue dur\u00e9e. Un espace pour \u00e9crire votre pr\u00e9nom. Mine HB, id\u00e9al pour l&#8217;\u00e9criture et le dessin.<\/p>\n","protected":false},"excerpt":{"rendered":"<p>Lyra Goove Graphite: le design laisse ses marques.<\/p>\n","protected":false},"featured_media":10616,"comment_status":"closed","ping_status":"open","template":"","meta":[],"product_cat":[5222],"product_tag":[5131,5245,5223],"acf":[],"_links":{"self":[{"href":"https:\/\/www.fila.it\/ch\/fr\/wp-json\/wp\/v2\/product\/29264"}],"collection":[{"href":"https:\/\/www.fila.it\/ch\/fr\/wp-json\/wp\/v2\/product"}],"about":[{"href":"https:\/\/www.fila.it\/ch\/fr\/wp-json\/wp\/v2\/types\/product"}],"replies":[{"embeddable":true,"href":"https:\/\/www.fila.it\/ch\/fr\/wp-json\/wp\/v2\/comments?post=29264"}],"wp:featuredmedia":[{"embeddable":true,"href":"https:\/\/www.fila.it\/ch\/fr\/wp-json\/wp\/v2\/media\/10616"}],"wp:attachment":[{"href":"https:\/\/www.fila.it\/ch\/fr\/wp-json\/wp\/v2\/media?parent=29264"}],"wp:term":[{"taxonomy":"product_cat","embeddable":true,"href":"https:\/\/www.fila.it\/ch\/fr\/wp-json\/wp\/v2\/product_cat?post=29264"},{"taxonomy":"product_tag","embeddable":true,"href":"https:\/\/www.fila.it\/ch\/fr\/wp-json\/wp\/v2\/product_tag?post=29264"}],"curies":[{"name":"wp","href":"https:\/\/api.w.org\/{rel}","templated":true}]}}