{"id":29266,"date":"2018-07-02T17:20:59","date_gmt":"2018-07-02T15:20:59","guid":{"rendered":"https:\/\/www.fila.it\/ch\/product\/lyra-groove-slim-schoolpack\/"},"modified":"2018-07-02T17:20:59","modified_gmt":"2018-07-02T15:20:59","slug":"lyra-groove-slim-schoolpack","status":"publish","type":"product","link":"https:\/\/www.fila.it\/ch\/fr\/product\/lyra-groove-slim-schoolpack\/","title":{"rendered":"Lyra Groove Slim &#8211; Schoolpack"},"content":{"rendered":"<p>Un assortiment de couleurs pour l&#8217;\u00e9cole ! Les crayons de couleur Lyra Groove Slim sont fabriqu\u00e9s sans ajout de mati\u00e8res artificielles. Con\u00e7u pour droitiers et gauchers. Zones naturelles d&#8217;adh\u00e9rence gr\u00e2ce aux asp\u00e9rit\u00e9s pour le pouce et l&#8217;index qui garantissent un bon maintien, m\u00eame apr\u00e8s l&#8217;avoir taill\u00e9.<\/p>\n","protected":false},"excerpt":{"rendered":"<p>Un maintien s\u00fbr \u00e0 l&#8217;\u00e9cole pour toutes les mains avec les crayons Lyra Groove Slim.<\/p>\n","protected":false},"featured_media":10622,"comment_status":"closed","ping_status":"open","template":"","meta":[],"product_cat":[5123],"product_tag":[5163,5124,5171],"acf":[],"_links":{"self":[{"href":"https:\/\/www.fila.it\/ch\/fr\/wp-json\/wp\/v2\/product\/29266"}],"collection":[{"href":"https:\/\/www.fila.it\/ch\/fr\/wp-json\/wp\/v2\/product"}],"about":[{"href":"https:\/\/www.fila.it\/ch\/fr\/wp-json\/wp\/v2\/types\/product"}],"replies":[{"embeddable":true,"href":"https:\/\/www.fila.it\/ch\/fr\/wp-json\/wp\/v2\/comments?post=29266"}],"wp:featuredmedia":[{"embeddable":true,"href":"https:\/\/www.fila.it\/ch\/fr\/wp-json\/wp\/v2\/media\/10622"}],"wp:attachment":[{"href":"https:\/\/www.fila.it\/ch\/fr\/wp-json\/wp\/v2\/media?parent=29266"}],"wp:term":[{"taxonomy":"product_cat","embeddable":true,"href":"https:\/\/www.fila.it\/ch\/fr\/wp-json\/wp\/v2\/product_cat?post=29266"},{"taxonomy":"product_tag","embeddable":true,"href":"https:\/\/www.fila.it\/ch\/fr\/wp-json\/wp\/v2\/product_tag?post=29266"}],"curies":[{"name":"wp","href":"https:\/\/api.w.org\/{rel}","templated":true}]}}