{"id":29268,"date":"2018-07-02T17:21:04","date_gmt":"2018-07-02T15:21:04","guid":{"rendered":"https:\/\/www.fila.it\/ch\/product\/lyra-groove-tripleone\/"},"modified":"2018-07-02T17:21:04","modified_gmt":"2018-07-02T15:21:04","slug":"lyra-groove-tripleone","status":"publish","type":"product","link":"https:\/\/www.fila.it\/ch\/fr\/product\/lyra-groove-tripleone\/","title":{"rendered":"Lyra Groove TripleOne"},"content":{"rendered":"<p>Avec Lyra Groove TripleOne vous avez un crayon de couleur aquarellable, un crayon de couleur et une craie grasse. Les couleurs lumineuses sont aquarellables et faciles \u00e0 effacer. Donnez \u00e0 votre cr\u00e9ativit\u00e9 un nouveau tournant.<\/p>\n","protected":false},"excerpt":{"rendered":"<p>Trois en un. Avec Lyra Groove TripleOne.<\/p>\n","protected":false},"featured_media":25645,"comment_status":"closed","ping_status":"open","template":"","meta":[],"product_cat":[5123],"product_tag":[5163,5124,5147],"acf":[],"_links":{"self":[{"href":"https:\/\/www.fila.it\/ch\/fr\/wp-json\/wp\/v2\/product\/29268"}],"collection":[{"href":"https:\/\/www.fila.it\/ch\/fr\/wp-json\/wp\/v2\/product"}],"about":[{"href":"https:\/\/www.fila.it\/ch\/fr\/wp-json\/wp\/v2\/types\/product"}],"replies":[{"embeddable":true,"href":"https:\/\/www.fila.it\/ch\/fr\/wp-json\/wp\/v2\/comments?post=29268"}],"wp:featuredmedia":[{"embeddable":true,"href":"https:\/\/www.fila.it\/ch\/fr\/wp-json\/wp\/v2\/media\/25645"}],"wp:attachment":[{"href":"https:\/\/www.fila.it\/ch\/fr\/wp-json\/wp\/v2\/media?parent=29268"}],"wp:term":[{"taxonomy":"product_cat","embeddable":true,"href":"https:\/\/www.fila.it\/ch\/fr\/wp-json\/wp\/v2\/product_cat?post=29268"},{"taxonomy":"product_tag","embeddable":true,"href":"https:\/\/www.fila.it\/ch\/fr\/wp-json\/wp\/v2\/product_tag?post=29268"}],"curies":[{"name":"wp","href":"https:\/\/api.w.org\/{rel}","templated":true}]}}