{"id":29269,"date":"2018-07-02T17:21:07","date_gmt":"2018-07-02T15:21:07","guid":{"rendered":"https:\/\/www.fila.it\/ch\/product\/lyra-hi-quality-art-pen\/"},"modified":"2018-07-02T17:21:07","modified_gmt":"2018-07-02T15:21:07","slug":"lyra-hi-quality-art-pen","status":"publish","type":"product","link":"https:\/\/www.fila.it\/ch\/fr\/product\/lyra-hi-quality-art-pen\/","title":{"rendered":"Lyra Hi-Quality Art Pen"},"content":{"rendered":"<p>Le stylo de cet artiste est id\u00e9al pour tous types de coloriage, dessin et croquis. Les embouts sont faits de fibres super r\u00e9sistantes, pour que vos lignes soient toujours propres et pr\u00e9cises. Les encres \u00e0 base d&#8217;eau sont claires, brillantes et r\u00e9sistantes \u00e0 la d\u00e9coloration. Disponible en 50 nuances diff\u00e9rentes, y compris les couleurs m\u00e9talliques fluorescentes et or et argent qui \u00e9crivent sur des fonds sombres ou pr\u00e9-color\u00e9s. Le stylo Art Lyra Hi-Quality est un moyen unique de lib\u00e9rer votre cr\u00e9ativit\u00e9!<\/p>\n","protected":false},"excerpt":{"rendered":"<p>Lyra Hi-Quality Art Pen, le stylo-feutre professionnel.<\/p>\n","protected":false},"featured_media":29117,"comment_status":"closed","ping_status":"open","template":"","meta":[],"product_cat":[5226],"product_tag":[5254,5227,5234,5235],"acf":[],"_links":{"self":[{"href":"https:\/\/www.fila.it\/ch\/fr\/wp-json\/wp\/v2\/product\/29269"}],"collection":[{"href":"https:\/\/www.fila.it\/ch\/fr\/wp-json\/wp\/v2\/product"}],"about":[{"href":"https:\/\/www.fila.it\/ch\/fr\/wp-json\/wp\/v2\/types\/product"}],"replies":[{"embeddable":true,"href":"https:\/\/www.fila.it\/ch\/fr\/wp-json\/wp\/v2\/comments?post=29269"}],"wp:featuredmedia":[{"embeddable":true,"href":"https:\/\/www.fila.it\/ch\/fr\/wp-json\/wp\/v2\/media\/29117"}],"wp:attachment":[{"href":"https:\/\/www.fila.it\/ch\/fr\/wp-json\/wp\/v2\/media?parent=29269"}],"wp:term":[{"taxonomy":"product_cat","embeddable":true,"href":"https:\/\/www.fila.it\/ch\/fr\/wp-json\/wp\/v2\/product_cat?post=29269"},{"taxonomy":"product_tag","embeddable":true,"href":"https:\/\/www.fila.it\/ch\/fr\/wp-json\/wp\/v2\/product_tag?post=29269"}],"curies":[{"name":"wp","href":"https:\/\/api.w.org\/{rel}","templated":true}]}}