{"id":29277,"date":"2018-07-02T17:21:29","date_gmt":"2018-07-02T15:21:29","guid":{"rendered":"https:\/\/www.fila.it\/ch\/product\/lyra-polycrayons-soft\/"},"modified":"2018-07-02T17:21:29","modified_gmt":"2018-07-02T15:21:29","slug":"lyra-polycrayons-soft","status":"publish","type":"product","link":"https:\/\/www.fila.it\/ch\/fr\/product\/lyra-polycrayons-soft\/","title":{"rendered":"Lyra Polycrayons Soft"},"content":{"rendered":"<p>D\u00e9couvrez les nuances exceptionnelles de couleurs des Polycrayons Soft. De forme carr\u00e9e et hautement concentr\u00e9s en pigments, ces pastels sont parfaits pour toutes les techniques d&#8217;arts. R\u00e9sistants \u00e0 la lumi\u00e8re, les pastels ont une grande capacit\u00e9 de couverture.<\/p>\n","protected":false},"excerpt":{"rendered":"<p>Lyra Polycrayons Soft, pour ceux qui aiment les solutions douces.<\/p>\n","protected":false},"featured_media":10676,"comment_status":"closed","ping_status":"open","template":"","meta":[],"product_cat":[5226],"product_tag":[5155,5254,5227,5234],"acf":[],"_links":{"self":[{"href":"https:\/\/www.fila.it\/ch\/fr\/wp-json\/wp\/v2\/product\/29277"}],"collection":[{"href":"https:\/\/www.fila.it\/ch\/fr\/wp-json\/wp\/v2\/product"}],"about":[{"href":"https:\/\/www.fila.it\/ch\/fr\/wp-json\/wp\/v2\/types\/product"}],"replies":[{"embeddable":true,"href":"https:\/\/www.fila.it\/ch\/fr\/wp-json\/wp\/v2\/comments?post=29277"}],"wp:featuredmedia":[{"embeddable":true,"href":"https:\/\/www.fila.it\/ch\/fr\/wp-json\/wp\/v2\/media\/10676"}],"wp:attachment":[{"href":"https:\/\/www.fila.it\/ch\/fr\/wp-json\/wp\/v2\/media?parent=29277"}],"wp:term":[{"taxonomy":"product_cat","embeddable":true,"href":"https:\/\/www.fila.it\/ch\/fr\/wp-json\/wp\/v2\/product_cat?post=29277"},{"taxonomy":"product_tag","embeddable":true,"href":"https:\/\/www.fila.it\/ch\/fr\/wp-json\/wp\/v2\/product_tag?post=29277"}],"curies":[{"name":"wp","href":"https:\/\/api.w.org\/{rel}","templated":true}]}}