{"id":29280,"date":"2018-07-02T17:21:36","date_gmt":"2018-07-02T15:21:36","guid":{"rendered":"https:\/\/www.fila.it\/ch\/product\/lyra-rembrandt-art-design\/"},"modified":"2018-07-02T17:21:36","modified_gmt":"2018-07-02T15:21:36","slug":"lyra-rembrandt-art-design","status":"publish","type":"product","link":"https:\/\/www.fila.it\/ch\/fr\/product\/lyra-rembrandt-art-design\/","title":{"rendered":"Lyra Rembrandt Art Design"},"content":{"rendered":"<p>Le crayon Lyra Art Design peut cr\u00e9er des effets doux pour les effets d&#8217;illustration avec un look vintage. Lyra Art Design est fabriqu\u00e9 avec du v\u00e9ritable bois de c\u00e8dre et une mine utra-fine et extra-r\u00e9sistante. Disponible en 17 graduations, du 9B au 6H, afin d&#8217;\u00eatre le plus cr\u00e9atif possible. Egalement id\u00e9al pour les techniques de dessin dites &#8220;rigides&#8221;.<\/p>\n","protected":false},"excerpt":{"rendered":"<p>Lyra Rembrandt Art Design: le crayon graphite pour les experts de la technique d&#8217;ombrage.<\/p>\n","protected":false},"featured_media":25606,"comment_status":"closed","ping_status":"open","template":"","meta":[],"product_cat":[5226],"product_tag":[5254,5251,5227,5240],"acf":[],"_links":{"self":[{"href":"https:\/\/www.fila.it\/ch\/fr\/wp-json\/wp\/v2\/product\/29280"}],"collection":[{"href":"https:\/\/www.fila.it\/ch\/fr\/wp-json\/wp\/v2\/product"}],"about":[{"href":"https:\/\/www.fila.it\/ch\/fr\/wp-json\/wp\/v2\/types\/product"}],"replies":[{"embeddable":true,"href":"https:\/\/www.fila.it\/ch\/fr\/wp-json\/wp\/v2\/comments?post=29280"}],"wp:featuredmedia":[{"embeddable":true,"href":"https:\/\/www.fila.it\/ch\/fr\/wp-json\/wp\/v2\/media\/25606"}],"wp:attachment":[{"href":"https:\/\/www.fila.it\/ch\/fr\/wp-json\/wp\/v2\/media?parent=29280"}],"wp:term":[{"taxonomy":"product_cat","embeddable":true,"href":"https:\/\/www.fila.it\/ch\/fr\/wp-json\/wp\/v2\/product_cat?post=29280"},{"taxonomy":"product_tag","embeddable":true,"href":"https:\/\/www.fila.it\/ch\/fr\/wp-json\/wp\/v2\/product_tag?post=29280"}],"curies":[{"name":"wp","href":"https:\/\/api.w.org\/{rel}","templated":true}]}}