{"id":29284,"date":"2018-07-02T17:21:48","date_gmt":"2018-07-02T15:21:48","guid":{"rendered":"https:\/\/www.fila.it\/ch\/product\/lyra-rembrandt-crayon-fusain\/"},"modified":"2018-07-02T17:21:48","modified_gmt":"2018-07-02T15:21:48","slug":"lyra-rembrandt-crayon-fusain","status":"publish","type":"product","link":"https:\/\/www.fila.it\/ch\/fr\/product\/lyra-rembrandt-crayon-fusain\/","title":{"rendered":"Lyra Rembrandt Crayon Fusain"},"content":{"rendered":"<p>Fusain, non gras, dans les graduations 1,2 et 3, on peut obtenir des r\u00e9sultats extraordinaires par estompage, convient \u00e9galement pour l&#8217;esquisse des peintures \u00e0 l&#8217;huile. Necessit\u00e9 de fixer.<\/p>\n","protected":false},"excerpt":{"rendered":"<p>Le fusain Lyra Rembrandt: le crayon \u00e0 charbon noir adapt\u00e9 \u00e0 tout artiste.<\/p>\n","protected":false},"featured_media":10695,"comment_status":"closed","ping_status":"open","template":"","meta":[],"product_cat":[5226],"product_tag":[5254,5227,5240],"acf":[],"_links":{"self":[{"href":"https:\/\/www.fila.it\/ch\/fr\/wp-json\/wp\/v2\/product\/29284"}],"collection":[{"href":"https:\/\/www.fila.it\/ch\/fr\/wp-json\/wp\/v2\/product"}],"about":[{"href":"https:\/\/www.fila.it\/ch\/fr\/wp-json\/wp\/v2\/types\/product"}],"replies":[{"embeddable":true,"href":"https:\/\/www.fila.it\/ch\/fr\/wp-json\/wp\/v2\/comments?post=29284"}],"wp:featuredmedia":[{"embeddable":true,"href":"https:\/\/www.fila.it\/ch\/fr\/wp-json\/wp\/v2\/media\/10695"}],"wp:attachment":[{"href":"https:\/\/www.fila.it\/ch\/fr\/wp-json\/wp\/v2\/media?parent=29284"}],"wp:term":[{"taxonomy":"product_cat","embeddable":true,"href":"https:\/\/www.fila.it\/ch\/fr\/wp-json\/wp\/v2\/product_cat?post=29284"},{"taxonomy":"product_tag","embeddable":true,"href":"https:\/\/www.fila.it\/ch\/fr\/wp-json\/wp\/v2\/product_tag?post=29284"}],"curies":[{"name":"wp","href":"https:\/\/api.w.org\/{rel}","templated":true}]}}