{"id":29288,"date":"2018-07-02T17:21:57","date_gmt":"2018-07-02T15:21:57","guid":{"rendered":"https:\/\/www.fila.it\/ch\/product\/lyra-rembrandt-polycolor-set\/"},"modified":"2018-07-02T17:21:57","modified_gmt":"2018-07-02T15:21:57","slug":"lyra-rembrandt-polycolor-set","status":"publish","type":"product","link":"https:\/\/www.fila.it\/ch\/fr\/product\/lyra-rembrandt-polycolor-set\/","title":{"rendered":"Lyra Rembrandt Polycolor Set"},"content":{"rendered":"<p>Les crayons Rembrandt Polycolor dans une \u00e9l\u00e9gante bo\u00eete en m\u00e9tal, pour ceux qui aiment les looks professionnels. Id\u00e9al pour les artistes, les crayons de couleur Rembrandt Polycolor sont disponibles en 72 couleurs lumineuses, r\u00e9sistantes \u00e0 la lumi\u00e8re et \u00e0 l&#8217;eau. Voir aussi l&#8217;\u00e9rui Prestige.<\/p>\n","protected":false},"excerpt":{"rendered":"<p>Lyra Rembrandt Polycolor: un ensemble de couleurs d&#8217;artistes.<\/p>\n","protected":false},"featured_media":9480,"comment_status":"closed","ping_status":"open","template":"","meta":[],"product_cat":[5226],"product_tag":[5254,5227,5234,5241],"acf":[],"_links":{"self":[{"href":"https:\/\/www.fila.it\/ch\/fr\/wp-json\/wp\/v2\/product\/29288"}],"collection":[{"href":"https:\/\/www.fila.it\/ch\/fr\/wp-json\/wp\/v2\/product"}],"about":[{"href":"https:\/\/www.fila.it\/ch\/fr\/wp-json\/wp\/v2\/types\/product"}],"replies":[{"embeddable":true,"href":"https:\/\/www.fila.it\/ch\/fr\/wp-json\/wp\/v2\/comments?post=29288"}],"wp:featuredmedia":[{"embeddable":true,"href":"https:\/\/www.fila.it\/ch\/fr\/wp-json\/wp\/v2\/media\/9480"}],"wp:attachment":[{"href":"https:\/\/www.fila.it\/ch\/fr\/wp-json\/wp\/v2\/media?parent=29288"}],"wp:term":[{"taxonomy":"product_cat","embeddable":true,"href":"https:\/\/www.fila.it\/ch\/fr\/wp-json\/wp\/v2\/product_cat?post=29288"},{"taxonomy":"product_tag","embeddable":true,"href":"https:\/\/www.fila.it\/ch\/fr\/wp-json\/wp\/v2\/product_tag?post=29288"}],"curies":[{"name":"wp","href":"https:\/\/api.w.org\/{rel}","templated":true}]}}