{"id":29298,"date":"2018-07-02T17:22:22","date_gmt":"2018-07-02T15:22:22","guid":{"rendered":"https:\/\/www.fila.it\/ch\/product\/giottomake-up-crayons-de-maquillage-glamour\/"},"modified":"2018-07-02T17:22:22","modified_gmt":"2018-07-02T15:22:22","slug":"giottomake-up-crayons-de-maquillage-glamour","status":"publish","type":"product","link":"https:\/\/www.fila.it\/ch\/fr\/product\/giottomake-up-crayons-de-maquillage-glamour\/","title":{"rendered":"GiottoMake Up &#8211; Crayons de maquillage glamour"},"content":{"rendered":"<p>Ultra doux, ces crayons cosm\u00e9tiques transforment votre visage en un masque de nuances de couleurs. Tout ce dont vous avez besoin c&#8217;est Giotto Make up ! Les crayons sont tr\u00e8s faciles d&#8217;utilisation et chaque \u00e9tui contient un guide d&#8217;utilisation. La mine large est incassable (6.25 mm de diam\u00e8tre ) et vous permet de couvrir de larges surfaces. Les crayons sont sans gluten, test\u00e9s dermatologiquement, et peuvent \u00eatre retir\u00e9s facilement \u00e0 l&#8217;eau et au savon ou \u00e0 l&#8217;aide de lingettes d\u00e9maquillantes.<\/p>\n","protected":false},"excerpt":{"rendered":"<p>Avec Giotto Make-up, le maquillage devient amusant!<\/p>\n","protected":false},"featured_media":10468,"comment_status":"closed","ping_status":"open","template":"","meta":[],"product_cat":[5123],"product_tag":[5258,5124,5133],"acf":[],"_links":{"self":[{"href":"https:\/\/www.fila.it\/ch\/fr\/wp-json\/wp\/v2\/product\/29298"}],"collection":[{"href":"https:\/\/www.fila.it\/ch\/fr\/wp-json\/wp\/v2\/product"}],"about":[{"href":"https:\/\/www.fila.it\/ch\/fr\/wp-json\/wp\/v2\/types\/product"}],"replies":[{"embeddable":true,"href":"https:\/\/www.fila.it\/ch\/fr\/wp-json\/wp\/v2\/comments?post=29298"}],"wp:featuredmedia":[{"embeddable":true,"href":"https:\/\/www.fila.it\/ch\/fr\/wp-json\/wp\/v2\/media\/10468"}],"wp:attachment":[{"href":"https:\/\/www.fila.it\/ch\/fr\/wp-json\/wp\/v2\/media?parent=29298"}],"wp:term":[{"taxonomy":"product_cat","embeddable":true,"href":"https:\/\/www.fila.it\/ch\/fr\/wp-json\/wp\/v2\/product_cat?post=29298"},{"taxonomy":"product_tag","embeddable":true,"href":"https:\/\/www.fila.it\/ch\/fr\/wp-json\/wp\/v2\/product_tag?post=29298"}],"curies":[{"name":"wp","href":"https:\/\/api.w.org\/{rel}","templated":true}]}}