{"id":29299,"date":"2018-06-20T09:04:18","date_gmt":"2018-07-02T15:22:24","guid":{"rendered":"https:\/\/www.fila.it\/ch\/product\/giotto-be-be-my-super-set\/"},"modified":"2018-07-16T12:14:32","modified_gmt":"2018-07-16T10:14:32","slug":"giotto-be-be-my-super-set","status":"publish","type":"product","link":"https:\/\/www.fila.it\/ch\/fr\/product\/giotto-be-be-my-super-set\/","title":{"rendered":"Giotto be-b\u00e8 My Super set"},"content":{"rendered":"<p>Giotto be-b\u00e8 Super Set, un kit riche et complet pour colorier, jouer et modeler. Il contient 6 crayons de couleur maxi, 1 taille-crayon maxi, 8 feutres maxi, 3 pots de 100g de p\u00e2te \u00e0 jouer, 1 ensemble de 4 accessoires de modelage, 1 cahier de coloriage be-b\u00e8 n\u00b04.<\/p>\n","protected":false},"excerpt":{"rendered":"<p>Super Kit pour les jeunes artistes.<\/p>\n","protected":false},"featured_media":29440,"comment_status":"closed","ping_status":"open","template":"","meta":[],"product_cat":[5123],"product_tag":[5131,5124,5153],"acf":[],"_links":{"self":[{"href":"https:\/\/www.fila.it\/ch\/fr\/wp-json\/wp\/v2\/product\/29299"}],"collection":[{"href":"https:\/\/www.fila.it\/ch\/fr\/wp-json\/wp\/v2\/product"}],"about":[{"href":"https:\/\/www.fila.it\/ch\/fr\/wp-json\/wp\/v2\/types\/product"}],"replies":[{"embeddable":true,"href":"https:\/\/www.fila.it\/ch\/fr\/wp-json\/wp\/v2\/comments?post=29299"}],"wp:featuredmedia":[{"embeddable":true,"href":"https:\/\/www.fila.it\/ch\/fr\/wp-json\/wp\/v2\/media\/29440"}],"wp:attachment":[{"href":"https:\/\/www.fila.it\/ch\/fr\/wp-json\/wp\/v2\/media?parent=29299"}],"wp:term":[{"taxonomy":"product_cat","embeddable":true,"href":"https:\/\/www.fila.it\/ch\/fr\/wp-json\/wp\/v2\/product_cat?post=29299"},{"taxonomy":"product_tag","embeddable":true,"href":"https:\/\/www.fila.it\/ch\/fr\/wp-json\/wp\/v2\/product_tag?post=29299"}],"curies":[{"name":"wp","href":"https:\/\/api.w.org\/{rel}","templated":true}]}}