{"id":29309,"date":"2018-07-02T17:22:48","date_gmt":"2018-07-02T15:22:48","guid":{"rendered":"https:\/\/www.fila.it\/ch\/product\/tratto-cancellik\/"},"modified":"2018-07-02T17:22:48","modified_gmt":"2018-07-02T15:22:48","slug":"tratto-cancellik","status":"publish","type":"product","link":"https:\/\/www.fila.it\/ch\/fr\/product\/tratto-cancellik\/","title":{"rendered":"Tratto Cancellik"},"content":{"rendered":"<p>Les erreurs peuvent \u00eatre rapidement effac\u00e9es et corrig\u00e9es avec Tratto Cancellik, bien que l&#8217;encre devienne permanente apr\u00e8s  24 heures. Le stylo est livr\u00e9 avec deux gommes: une \u00e0 la fin du stylo et une dans le bouchon. Le bouchon lui-m\u00eame assure  une s\u00e9curit\u00e9 totale pendant l&#8217;utilisation. Il y a \u00e9galement un espace sur le stylo pour ajouter votre nom, en veillant \u00e0 ce qu&#8217;il soit toujours reconnaissable. Disponible en 10 couleurs vives: bleu fonc\u00e9, rouge, noir, vert, azur, fuchsia, orange, violet, jaune et vert clair. Vous pouvez aussi acheter Tratto Cancellik dans le format 4-stylo ou des plaquettes thermoform\u00e9es avec un caoutchouc triangulaire maxi. Disponible en 6 couleurs, il est sp\u00e9cialement con\u00e7u pour effacer toutes les traces d&#8217;encre du papier.<\/p>\n","protected":false},"excerpt":{"rendered":"<p>Tract Cancellik est le stylo effa\u00e7able avec double caoutchouc pour \u00eatre libre de cr\u00e9er et de faire des erreurs.<\/p>\n","protected":false},"featured_media":10814,"comment_status":"closed","ping_status":"open","template":"","meta":[],"product_cat":[5222],"product_tag":[5223,5266,5263],"acf":[],"_links":{"self":[{"href":"https:\/\/www.fila.it\/ch\/fr\/wp-json\/wp\/v2\/product\/29309"}],"collection":[{"href":"https:\/\/www.fila.it\/ch\/fr\/wp-json\/wp\/v2\/product"}],"about":[{"href":"https:\/\/www.fila.it\/ch\/fr\/wp-json\/wp\/v2\/types\/product"}],"replies":[{"embeddable":true,"href":"https:\/\/www.fila.it\/ch\/fr\/wp-json\/wp\/v2\/comments?post=29309"}],"wp:featuredmedia":[{"embeddable":true,"href":"https:\/\/www.fila.it\/ch\/fr\/wp-json\/wp\/v2\/media\/10814"}],"wp:attachment":[{"href":"https:\/\/www.fila.it\/ch\/fr\/wp-json\/wp\/v2\/media?parent=29309"}],"wp:term":[{"taxonomy":"product_cat","embeddable":true,"href":"https:\/\/www.fila.it\/ch\/fr\/wp-json\/wp\/v2\/product_cat?post=29309"},{"taxonomy":"product_tag","embeddable":true,"href":"https:\/\/www.fila.it\/ch\/fr\/wp-json\/wp\/v2\/product_tag?post=29309"}],"curies":[{"name":"wp","href":"https:\/\/api.w.org\/{rel}","templated":true}]}}