{"id":29325,"date":"2018-06-20T09:04:47","date_gmt":"2018-07-02T15:23:28","guid":{"rendered":"https:\/\/www.fila.it\/ch\/product\/giotto-be-be-crayons-de-cire-maxi-schoolpack\/"},"modified":"2018-07-16T12:20:55","modified_gmt":"2018-07-16T10:20:55","slug":"giotto-be-be-crayons-de-cire-maxi-schoolpack","status":"publish","type":"product","link":"https:\/\/www.fila.it\/ch\/fr\/product\/giotto-be-be-crayons-de-cire-maxi-schoolpack\/","title":{"rendered":"Giotto be-b\u00e8 Crayons de Cire Maxi &#8211; Schoolpack"},"content":{"rendered":"<p>10 crayons cire maxi incassables Giotto be-b\u00e8 plus un taille-crayon pour garder vos mines comme neuves. Les crayons de cire sont doux et faciles \u00e0 utiliser. Ils sont extra-larges ce qui facilite la prise en main. Les couleurs sont lavables et test\u00e9es dermatologiquement, Mise \u00e0 part le taille-crayon, il n&#8217;y a aucune pi\u00e8ce d\u00e9tachable.<\/p>\n","protected":false},"excerpt":{"rendered":"<p>Donnez des couleurs \u00e0 vos id\u00e9es avec Giotto be-b\u00e8 Crayons de Cire Maxi.<\/p>\n","protected":false},"featured_media":29448,"comment_status":"closed","ping_status":"open","template":"","meta":[],"product_cat":[5123],"product_tag":[5165,5124,5171],"acf":[],"_links":{"self":[{"href":"https:\/\/www.fila.it\/ch\/fr\/wp-json\/wp\/v2\/product\/29325"}],"collection":[{"href":"https:\/\/www.fila.it\/ch\/fr\/wp-json\/wp\/v2\/product"}],"about":[{"href":"https:\/\/www.fila.it\/ch\/fr\/wp-json\/wp\/v2\/types\/product"}],"replies":[{"embeddable":true,"href":"https:\/\/www.fila.it\/ch\/fr\/wp-json\/wp\/v2\/comments?post=29325"}],"wp:featuredmedia":[{"embeddable":true,"href":"https:\/\/www.fila.it\/ch\/fr\/wp-json\/wp\/v2\/media\/29448"}],"wp:attachment":[{"href":"https:\/\/www.fila.it\/ch\/fr\/wp-json\/wp\/v2\/media?parent=29325"}],"wp:term":[{"taxonomy":"product_cat","embeddable":true,"href":"https:\/\/www.fila.it\/ch\/fr\/wp-json\/wp\/v2\/product_cat?post=29325"},{"taxonomy":"product_tag","embeddable":true,"href":"https:\/\/www.fila.it\/ch\/fr\/wp-json\/wp\/v2\/product_tag?post=29325"}],"curies":[{"name":"wp","href":"https:\/\/api.w.org\/{rel}","templated":true}]}}