{"id":29339,"date":"2018-07-02T17:24:03","date_gmt":"2018-07-02T15:24:03","guid":{"rendered":"https:\/\/www.fila.it\/ch\/product\/lyra-graduate-aquarell\/"},"modified":"2018-07-02T17:24:03","modified_gmt":"2018-07-02T15:24:03","slug":"lyra-graduate-aquarell","status":"publish","type":"product","link":"https:\/\/www.fila.it\/ch\/fr\/product\/lyra-graduate-aquarell\/","title":{"rendered":"Lyra Graduate Aquarell"},"content":{"rendered":"<p>Crayons de couleur aquarellables de haute qualit\u00e9. Peuvent \u00eatre facilement m\u00e9lang\u00e9s avec de l\u2019eau afin de cr\u00e9er un nombre infini de nuances. Mine de diam\u00e8tre 3,3 mm. Fabriqu\u00e9s \u00e0 partir de bois de c\u00e8dre certifi\u00e9 PEFC. Faciles \u00e0 tailler. Disponibles en 36 couleurs.<\/p>\n","protected":false},"excerpt":{"rendered":"<p>Lyra Graduate acquerell: un monde de couleurs vives.<\/p>\n","protected":false},"featured_media":25701,"comment_status":"closed","ping_status":"open","template":"","meta":[],"product_cat":[5123],"product_tag":[5203,5163,5124],"acf":[],"_links":{"self":[{"href":"https:\/\/www.fila.it\/ch\/fr\/wp-json\/wp\/v2\/product\/29339"}],"collection":[{"href":"https:\/\/www.fila.it\/ch\/fr\/wp-json\/wp\/v2\/product"}],"about":[{"href":"https:\/\/www.fila.it\/ch\/fr\/wp-json\/wp\/v2\/types\/product"}],"replies":[{"embeddable":true,"href":"https:\/\/www.fila.it\/ch\/fr\/wp-json\/wp\/v2\/comments?post=29339"}],"wp:featuredmedia":[{"embeddable":true,"href":"https:\/\/www.fila.it\/ch\/fr\/wp-json\/wp\/v2\/media\/25701"}],"wp:attachment":[{"href":"https:\/\/www.fila.it\/ch\/fr\/wp-json\/wp\/v2\/media?parent=29339"}],"wp:term":[{"taxonomy":"product_cat","embeddable":true,"href":"https:\/\/www.fila.it\/ch\/fr\/wp-json\/wp\/v2\/product_cat?post=29339"},{"taxonomy":"product_tag","embeddable":true,"href":"https:\/\/www.fila.it\/ch\/fr\/wp-json\/wp\/v2\/product_tag?post=29339"}],"curies":[{"name":"wp","href":"https:\/\/api.w.org\/{rel}","templated":true}]}}