{"id":29340,"date":"2018-07-02T17:24:05","date_gmt":"2018-07-02T15:24:05","guid":{"rendered":"https:\/\/www.fila.it\/ch\/product\/giotto-stilnovo-skin-tones\/"},"modified":"2018-07-02T17:24:05","modified_gmt":"2018-07-02T15:24:05","slug":"giotto-stilnovo-skin-tones","status":"publish","type":"product","link":"https:\/\/www.fila.it\/ch\/fr\/product\/giotto-stilnovo-skin-tones\/","title":{"rendered":"Giotto Stilnovo Skin Tones"},"content":{"rendered":"<p>Le nouveau crayon de couleur Giotto Stilnovo en 12 nouvelles teintes pour cr\u00e9er des tons de peau diff\u00e9rents. Crayons de couleur avec une section hexagonale de 6.8 mm vernis dans la couleur de la mine des rayures argent\u00e9es. Longueur : 18cm. Mine 3.3mm. Qualit\u00e9 et performance excellentes. Facile \u00e0 tenir.<\/p>\n","protected":false},"excerpt":{"rendered":"<p>Giotto Stilnovo Skin Tones. Douze nouvelles couleurs pour cr\u00e9er les visages du monde.<\/p>\n","protected":false},"featured_media":25702,"comment_status":"closed","ping_status":"open","template":"","meta":[],"product_cat":[5123],"product_tag":[5201,5163,5124],"acf":[],"_links":{"self":[{"href":"https:\/\/www.fila.it\/ch\/fr\/wp-json\/wp\/v2\/product\/29340"}],"collection":[{"href":"https:\/\/www.fila.it\/ch\/fr\/wp-json\/wp\/v2\/product"}],"about":[{"href":"https:\/\/www.fila.it\/ch\/fr\/wp-json\/wp\/v2\/types\/product"}],"replies":[{"embeddable":true,"href":"https:\/\/www.fila.it\/ch\/fr\/wp-json\/wp\/v2\/comments?post=29340"}],"wp:featuredmedia":[{"embeddable":true,"href":"https:\/\/www.fila.it\/ch\/fr\/wp-json\/wp\/v2\/media\/25702"}],"wp:attachment":[{"href":"https:\/\/www.fila.it\/ch\/fr\/wp-json\/wp\/v2\/media?parent=29340"}],"wp:term":[{"taxonomy":"product_cat","embeddable":true,"href":"https:\/\/www.fila.it\/ch\/fr\/wp-json\/wp\/v2\/product_cat?post=29340"},{"taxonomy":"product_tag","embeddable":true,"href":"https:\/\/www.fila.it\/ch\/fr\/wp-json\/wp\/v2\/product_tag?post=29340"}],"curies":[{"name":"wp","href":"https:\/\/api.w.org\/{rel}","templated":true}]}}