{"id":29386,"date":"2018-07-02T17:26:04","date_gmt":"2018-07-02T15:26:04","guid":{"rendered":"https:\/\/www.fila.it\/ch\/product\/giotto-colors-3-0\/"},"modified":"2018-07-02T17:26:04","modified_gmt":"2018-07-02T15:26:04","slug":"giotto-colors-3-0","status":"publish","type":"product","link":"https:\/\/www.fila.it\/ch\/fr\/product\/giotto-colors-3-0\/","title":{"rendered":"Giotto Colors 3.0"},"content":{"rendered":"<p>D\u00e9couvrez les couleurs lumineuses de ces crayons de couleur id\u00e9als pour l&#8217;\u00e9cole. Fabriqu\u00e9s \u00e0 partir de bois fsc et d&#8217;une mine de 3 mm<\/p>\n","protected":false},"excerpt":{"rendered":"<p>Giotto Colors 3.0: id\u00e9al pour l&#8217;\u00e9cole.<\/p>\n","protected":false},"featured_media":25729,"comment_status":"closed","ping_status":"open","template":"","meta":[],"product_cat":[5123],"product_tag":[5201,5163,5124],"acf":[],"_links":{"self":[{"href":"https:\/\/www.fila.it\/ch\/fr\/wp-json\/wp\/v2\/product\/29386"}],"collection":[{"href":"https:\/\/www.fila.it\/ch\/fr\/wp-json\/wp\/v2\/product"}],"about":[{"href":"https:\/\/www.fila.it\/ch\/fr\/wp-json\/wp\/v2\/types\/product"}],"replies":[{"embeddable":true,"href":"https:\/\/www.fila.it\/ch\/fr\/wp-json\/wp\/v2\/comments?post=29386"}],"wp:featuredmedia":[{"embeddable":true,"href":"https:\/\/www.fila.it\/ch\/fr\/wp-json\/wp\/v2\/media\/25729"}],"wp:attachment":[{"href":"https:\/\/www.fila.it\/ch\/fr\/wp-json\/wp\/v2\/media?parent=29386"}],"wp:term":[{"taxonomy":"product_cat","embeddable":true,"href":"https:\/\/www.fila.it\/ch\/fr\/wp-json\/wp\/v2\/product_cat?post=29386"},{"taxonomy":"product_tag","embeddable":true,"href":"https:\/\/www.fila.it\/ch\/fr\/wp-json\/wp\/v2\/product_tag?post=29386"}],"curies":[{"name":"wp","href":"https:\/\/api.w.org\/{rel}","templated":true}]}}