{"id":29388,"date":"2018-07-02T17:26:09","date_gmt":"2018-07-02T15:26:09","guid":{"rendered":"https:\/\/www.fila.it\/ch\/product\/lyra-graduate-fineliner\/"},"modified":"2018-07-02T17:26:09","modified_gmt":"2018-07-02T15:26:09","slug":"lyra-graduate-fineliner","status":"publish","type":"product","link":"https:\/\/www.fila.it\/ch\/fr\/product\/lyra-graduate-fineliner\/","title":{"rendered":"Lyra Graduate Fineliner"},"content":{"rendered":"<p>Feutres fins encre \u00e0 base d\u2019eau. Id\u00e9als pour l\u2019\u00e9criture, le dessin et pour souligner. Pointe synth\u00e9tique und\u00e9formable pour des traits propres et pr\u00e9cis. Largeur du trait :\u00a00,5 mm. Disponible en 20 couleurs vives !<\/p>\n","protected":false},"excerpt":{"rendered":"<p>Dessinez et \u00e9crivez avec style! Lyra Graduate Fineliner.<\/p>\n","protected":false},"featured_media":27165,"comment_status":"closed","ping_status":"open","template":"","meta":[],"product_cat":[5222],"product_tag":[5223,4557,5263],"acf":[],"_links":{"self":[{"href":"https:\/\/www.fila.it\/ch\/fr\/wp-json\/wp\/v2\/product\/29388"}],"collection":[{"href":"https:\/\/www.fila.it\/ch\/fr\/wp-json\/wp\/v2\/product"}],"about":[{"href":"https:\/\/www.fila.it\/ch\/fr\/wp-json\/wp\/v2\/types\/product"}],"replies":[{"embeddable":true,"href":"https:\/\/www.fila.it\/ch\/fr\/wp-json\/wp\/v2\/comments?post=29388"}],"wp:featuredmedia":[{"embeddable":true,"href":"https:\/\/www.fila.it\/ch\/fr\/wp-json\/wp\/v2\/media\/27165"}],"wp:attachment":[{"href":"https:\/\/www.fila.it\/ch\/fr\/wp-json\/wp\/v2\/media?parent=29388"}],"wp:term":[{"taxonomy":"product_cat","embeddable":true,"href":"https:\/\/www.fila.it\/ch\/fr\/wp-json\/wp\/v2\/product_cat?post=29388"},{"taxonomy":"product_tag","embeddable":true,"href":"https:\/\/www.fila.it\/ch\/fr\/wp-json\/wp\/v2\/product_tag?post=29388"}],"curies":[{"name":"wp","href":"https:\/\/api.w.org\/{rel}","templated":true}]}}