{"id":29390,"date":"2018-07-02T17:26:15","date_gmt":"2018-07-02T15:26:15","guid":{"rendered":"https:\/\/www.fila.it\/ch\/product\/das-spatules-en-metal\/"},"modified":"2018-07-02T17:26:15","modified_gmt":"2018-07-02T15:26:15","slug":"das-spatules-en-metal","status":"publish","type":"product","link":"https:\/\/www.fila.it\/ch\/fr\/product\/das-spatules-en-metal\/","title":{"rendered":"DAS Spatules en m\u00e9tal"},"content":{"rendered":"<p>Spatules en acier avec manche en bois. Dessin\u00e9es pour travailler la p\u00e2te DAS. Dot\u00e9es de lames tr\u00e8s r\u00e9sistantes, et parfaites pour couper, graver et travailler la p\u00e2te DAS en fines feuilles.<\/p>\n","protected":false},"excerpt":{"rendered":"<p>Aidez votre cr\u00e9ativit\u00e9 \u00e0 prendre forme avec DAS spatules en m\u00e9tal.<\/p>\n","protected":false},"featured_media":25443,"comment_status":"closed","ping_status":"open","template":"","meta":[],"product_cat":[5128],"product_tag":[5138,5129,5141],"acf":[],"_links":{"self":[{"href":"https:\/\/www.fila.it\/ch\/fr\/wp-json\/wp\/v2\/product\/29390"}],"collection":[{"href":"https:\/\/www.fila.it\/ch\/fr\/wp-json\/wp\/v2\/product"}],"about":[{"href":"https:\/\/www.fila.it\/ch\/fr\/wp-json\/wp\/v2\/types\/product"}],"replies":[{"embeddable":true,"href":"https:\/\/www.fila.it\/ch\/fr\/wp-json\/wp\/v2\/comments?post=29390"}],"wp:featuredmedia":[{"embeddable":true,"href":"https:\/\/www.fila.it\/ch\/fr\/wp-json\/wp\/v2\/media\/25443"}],"wp:attachment":[{"href":"https:\/\/www.fila.it\/ch\/fr\/wp-json\/wp\/v2\/media?parent=29390"}],"wp:term":[{"taxonomy":"product_cat","embeddable":true,"href":"https:\/\/www.fila.it\/ch\/fr\/wp-json\/wp\/v2\/product_cat?post=29390"},{"taxonomy":"product_tag","embeddable":true,"href":"https:\/\/www.fila.it\/ch\/fr\/wp-json\/wp\/v2\/product_tag?post=29390"}],"curies":[{"name":"wp","href":"https:\/\/api.w.org\/{rel}","templated":true}]}}