{"id":29400,"date":"2018-07-02T17:26:43","date_gmt":"2018-07-02T15:26:43","guid":{"rendered":"https:\/\/www.fila.it\/ch\/product\/lyra-rembrandt-charcoal-set\/"},"modified":"2018-07-02T17:26:43","modified_gmt":"2018-07-02T15:26:43","slug":"lyra-rembrandt-charcoal-set","status":"publish","type":"product","link":"https:\/\/www.fila.it\/ch\/fr\/product\/lyra-rembrandt-charcoal-set\/","title":{"rendered":"Lyra Rembrandt Charcoal Set"},"content":{"rendered":"<p>Assortiment de fusains haut de gamme facilement miscibles et peuvent \u00eatre estomp\u00e9s. Un excellent \u00e9quilibre entre les diff\u00e9rentes graduations de fusains, tendre, medium et dur. L&#8217;utilisation d&#8217;une gomme ainsi que d&#8217;un fixatif est recommand\u00e9.<\/p>\n","protected":false},"excerpt":{"rendered":"<p>L&#8217;\u00e9quilibre parfait pour un artiste cr\u00e9atif avec Lyra Rembrandt Charcoal Set.<\/p>\n","protected":false},"featured_media":10787,"comment_status":"closed","ping_status":"open","template":"","meta":[],"product_cat":[5226],"product_tag":[5254,5227,5240,5241],"acf":[],"_links":{"self":[{"href":"https:\/\/www.fila.it\/ch\/fr\/wp-json\/wp\/v2\/product\/29400"}],"collection":[{"href":"https:\/\/www.fila.it\/ch\/fr\/wp-json\/wp\/v2\/product"}],"about":[{"href":"https:\/\/www.fila.it\/ch\/fr\/wp-json\/wp\/v2\/types\/product"}],"replies":[{"embeddable":true,"href":"https:\/\/www.fila.it\/ch\/fr\/wp-json\/wp\/v2\/comments?post=29400"}],"wp:featuredmedia":[{"embeddable":true,"href":"https:\/\/www.fila.it\/ch\/fr\/wp-json\/wp\/v2\/media\/10787"}],"wp:attachment":[{"href":"https:\/\/www.fila.it\/ch\/fr\/wp-json\/wp\/v2\/media?parent=29400"}],"wp:term":[{"taxonomy":"product_cat","embeddable":true,"href":"https:\/\/www.fila.it\/ch\/fr\/wp-json\/wp\/v2\/product_cat?post=29400"},{"taxonomy":"product_tag","embeddable":true,"href":"https:\/\/www.fila.it\/ch\/fr\/wp-json\/wp\/v2\/product_tag?post=29400"}],"curies":[{"name":"wp","href":"https:\/\/api.w.org\/{rel}","templated":true}]}}