{"id":30097,"date":"2021-04-26T10:43:26","date_gmt":"2021-04-26T08:43:51","guid":{"rendered":"https:\/\/www.fila.it\/ch\/?post_type=product&#038;p=30097"},"modified":"2021-04-26T10:43:51","modified_gmt":"2021-04-26T08:43:51","slug":"giotto-be-be-finger-paint-set-couleurs-rainbow-schoolpack","status":"publish","type":"product","link":"https:\/\/www.fila.it\/ch\/fr\/product\/giotto-be-be-finger-paint-set-couleurs-rainbow-schoolpack\/","title":{"rendered":"GIOTTO BE-B\u00c8 FINGER PAINT SET COULEURS RAINBOW &#8211; SCHOOLPACK"},"content":{"rendered":"<p>Pr\u00e9sentation d\u2019un projet \u00e9ducatif pour la petite enfance et les \u00e9coles maternelles &#8211; les nouveaux flacons de peinture au doigt Giotto be-b\u00e8 (6x750ml). Le choix des couleurs et chaque direction p\u00e9dagogique ont \u00e9t\u00e9 con\u00e7us et r\u00e9alis\u00e9s par Francesca Valan, enseignante universitaire et coloriste sp\u00e9cialis\u00e9e dans l&#8217;\u00e9tude de la couleur. Chaque assortiment contient un guide p\u00e9dagogique num\u00e9rique accessible avec un QRcode. L&#8217;ensemble COULEURS DE L&#8217;ARC EN CIEL a \u00e9t\u00e9 con\u00e7u pour que des formes harmonieuses puissent \u00eatre cr\u00e9\u00e9es \u00e0 partir d&#8217;un mouvement fluide et lisse. Les couleurs choisies sont celles de l\u2019arc-en-ciel, mani\u00e8re de la nature de montrer l\u2019harmonie retrouv\u00e9e. Les couleurs sont le jaune, le rouge, le vert, le rose, le violet et le bleu. Id\u00e9al pour cr\u00e9er des \u00e9motions libres et exp\u00e9rimenter les fa\u00e7ons dont le mouvement, la forme et la couleur fonctionnent ensemble. <\/p>\n","protected":false},"excerpt":{"rendered":"<p>Les couleurs de l&#8217;arc-en-ciel \u00e0 port\u00e9e de main.<\/p>\n","protected":false},"featured_media":30035,"comment_status":"closed","ping_status":"closed","template":"","meta":[],"product_cat":[5123],"product_tag":[5124,5183,5171],"acf":[],"_links":{"self":[{"href":"https:\/\/www.fila.it\/ch\/fr\/wp-json\/wp\/v2\/product\/30097"}],"collection":[{"href":"https:\/\/www.fila.it\/ch\/fr\/wp-json\/wp\/v2\/product"}],"about":[{"href":"https:\/\/www.fila.it\/ch\/fr\/wp-json\/wp\/v2\/types\/product"}],"replies":[{"embeddable":true,"href":"https:\/\/www.fila.it\/ch\/fr\/wp-json\/wp\/v2\/comments?post=30097"}],"wp:featuredmedia":[{"embeddable":true,"href":"https:\/\/www.fila.it\/ch\/fr\/wp-json\/wp\/v2\/media\/30035"}],"wp:attachment":[{"href":"https:\/\/www.fila.it\/ch\/fr\/wp-json\/wp\/v2\/media?parent=30097"}],"wp:term":[{"taxonomy":"product_cat","embeddable":true,"href":"https:\/\/www.fila.it\/ch\/fr\/wp-json\/wp\/v2\/product_cat?post=30097"},{"taxonomy":"product_tag","embeddable":true,"href":"https:\/\/www.fila.it\/ch\/fr\/wp-json\/wp\/v2\/product_tag?post=30097"}],"curies":[{"name":"wp","href":"https:\/\/api.w.org\/{rel}","templated":true}]}}