{"id":30098,"date":"2021-04-26T10:43:28","date_gmt":"2021-04-26T08:43:55","guid":{"rendered":"https:\/\/www.fila.it\/ch\/?post_type=product&#038;p=30098"},"modified":"2021-04-26T10:43:55","modified_gmt":"2021-04-26T08:43:55","slug":"giotto-be-be-finger-paint-set-colors-mix-schoolpack","status":"publish","type":"product","link":"https:\/\/www.fila.it\/ch\/fr\/product\/giotto-be-be-finger-paint-set-colors-mix-schoolpack\/","title":{"rendered":"GIOTTO BE-B\u00c8 FINGER PAINT SET COLORS MIX &#8211; SCHOOLPACK"},"content":{"rendered":"<p>Pr\u00e9sentation d\u2019un projet \u00e9ducatif pour la petite enfance et les \u00e9coles maternelles &#8211; les nouveaux flacons de peinture au doigt Giotto be-b\u00e8 (6x750ml). Le choix des couleurs et chaque direction p\u00e9dagogique ont \u00e9t\u00e9 con\u00e7us et r\u00e9alis\u00e9s par Francesca Valan, enseignante universitaire et coloriste sp\u00e9cialis\u00e9e dans l&#8217;\u00e9tude de la couleur. Chaque assortiment contient un guide p\u00e9dagogique num\u00e9rique accessible avec un QRcode. L&#8217;ensemble MIX DE COULEURS est con\u00e7u pour r\u00e9v\u00e9ler la magie de la couleur et booster la gamme de nuances per\u00e7ues. Les couleurs choisies sont le blanc, le noir, le jaune, le rouge, le vert et le bleu. M\u00e9lang\u00e9s ensemble, ils permettent de cr\u00e9er une vari\u00e9t\u00e9 de teintes, d&#8217;intensit\u00e9 et de l\u00e9g\u00e8ret\u00e9, ce qui signifie que vous pouvez exp\u00e9rimenter une vaste gamme de dimensions de couleurs. <\/p>\n","protected":false},"excerpt":{"rendered":"<p>De merveilleuses combinaisons de couleurs \u00e0 port\u00e9e de main. <\/p>\n","protected":false},"featured_media":30027,"comment_status":"closed","ping_status":"closed","template":"","meta":[],"product_cat":[5123],"product_tag":[5124,5183,5171],"acf":[],"_links":{"self":[{"href":"https:\/\/www.fila.it\/ch\/fr\/wp-json\/wp\/v2\/product\/30098"}],"collection":[{"href":"https:\/\/www.fila.it\/ch\/fr\/wp-json\/wp\/v2\/product"}],"about":[{"href":"https:\/\/www.fila.it\/ch\/fr\/wp-json\/wp\/v2\/types\/product"}],"replies":[{"embeddable":true,"href":"https:\/\/www.fila.it\/ch\/fr\/wp-json\/wp\/v2\/comments?post=30098"}],"wp:featuredmedia":[{"embeddable":true,"href":"https:\/\/www.fila.it\/ch\/fr\/wp-json\/wp\/v2\/media\/30027"}],"wp:attachment":[{"href":"https:\/\/www.fila.it\/ch\/fr\/wp-json\/wp\/v2\/media?parent=30098"}],"wp:term":[{"taxonomy":"product_cat","embeddable":true,"href":"https:\/\/www.fila.it\/ch\/fr\/wp-json\/wp\/v2\/product_cat?post=30098"},{"taxonomy":"product_tag","embeddable":true,"href":"https:\/\/www.fila.it\/ch\/fr\/wp-json\/wp\/v2\/product_tag?post=30098"}],"curies":[{"name":"wp","href":"https:\/\/api.w.org\/{rel}","templated":true}]}}