{"id":26511,"date":"2017-03-15T15:23:38","date_gmt":"2017-03-15T14:23:38","guid":{"rendered":"https:\/\/www.fila.it\/ch\/legal-disclaimer-and-privacy\/"},"modified":"2018-06-26T14:29:33","modified_gmt":"2018-06-26T12:29:33","slug":"legal-disclaimer-and-privacy","status":"publish","type":"page","link":"https:\/\/www.fila.it\/ch\/it\/legal-disclaimer-and-privacy\/","title":{"rendered":"Note Legali e Privacy"},"content":{"rendered":"<p><strong>INFORMAZIONI SOCIETARIE<\/strong><\/p>\n<p>Fila Art Products AG &#8211; A FILA Group Company<br \/>\nSchwimmbadstrasse 45, CH-5430 Wettingen, Switzerland<br \/>\nFon: ++41 (0) 56 430 04 66 &#8211; Fax: ++41 (0) 56 430 19 15<br \/>\ninfo@fila-ap.ch &#8211; www.fila-ap.ch<\/p>\n<p>&nbsp;<\/p>\n<p><strong>F.I.L.A. \u2013 Fabbrica Italiana Lapis ed Affini S.p.A<\/strong><br \/>\nSede Legale, Amministrativa e Commerciale<br \/>\nVia XXV Aprile, 5 \u2013 20016 Pero (MI)<br \/>\nCod. Fisc. \/ P. IVA 08391050963<br \/>\nP.I. internazionale CEE IT: 08391050963<br \/>\nTel. +39 02 38105.1 Fax +39 02 3538546<br \/>\nE-mail: fila@fila.it \u2013 Web: fila.it<br \/>\nCapitale Sociale Euro 37.170.830,00 int. versato<br \/>\nC.C.I.A.A. Milano n. REA 2022589<\/p>\n<p>&nbsp;<\/p>\n<p>Direzione e coordinamento art. 2497 bis c.c.: non sussistano in capo alla Societ\u00e0 presupposti per essere soggetta all\u2019attivit\u00e0 di direzione e coordinamento della societ\u00e0 controllata Pencil S.p.A., ai sensi dell\u2019articolo 2497 bis del codice civile.<\/p>\n<p>&nbsp;<\/p>\n<p>Posta PEC: amministrazione@pec.fila.it<\/p>\n<p>Posta HR: info.hr@fila.it<\/p>\n<p>&nbsp;<\/p>\n<p><strong>COPYRIGHT E MARCHI<\/strong><\/p>\n<p>Il sito fila.it (il \u201cSito\u201d) \u00e8 di propriet\u00e0 esclusiva della F.I.L.A. Fabbrica Italiana Lapis ed Affini S.p.A. (\u201cF.I.L.A.\u201d), che lo ha creato per fini informativi, di comunicazione, di intrattenimento e reso disponibile agli Utenti per finalit\u00e0 personali e non commerciali.<\/p>\n<p>Il marchio F.I.L.A., i marchi dei prodotti e delle promozioni F.I.L.A. riportati nelle pagine web del Sito (inclusi i relativi logotipi) e tutti gli altri segni distintivi denominativi, figurativi e slogan ad essi correlati (i \u201cMarchi F.I.L.A.\u201d) sono di esclusiva titolarit\u00e0 della F.I.L.A.; ogni utilizzo o riproduzione di essi per qualsivoglia finalit\u00e0 o con qualsivoglia mezzo \u00e8 espressamente e tassativamente vietato e sar\u00e0 perseguito dalla F.I.L.A. ai sensi di legge.<\/p>\n<p>I marchi, loghi, characters di soggetti terzi riprodotti sul Sito sono di esclusiva titolarit\u00e0 dei rispettivi titolari, che hanno autorizzato il loro utilizzo: ogni riproduzione \u00e8 vietata.<\/p>\n<p>Le pagine web che costituiscono il Sito e quanto in esse contenuto (incluso a titolo esemplificativo e non esaustivo: testi, immagini, grafica, suoni) sono protette da copyright in capo alla F.I.L.A. o includono materiale il cui utilizzo \u00e8 stato debitamente autorizzato; pertanto \u00e8 vietata la riproduzione, duplicazione, pubblicazione, trasmissione di esse (in tutto o in parte) in qualsiasi forma e modalit\u00e0.<\/p>\n<p>Nessuna riproduzione del Sito o di sue parti pu\u00f2 essere oggetto di vendita o distribuzione con finalit\u00e0 commerciali.<\/p>\n<p>Il downloading di materiale presente nel Sito \u00e8 lecito solo se espressamente autorizzato con apposita indicazione all\u2019interno delle pagine web; detta autorizzazione riguarda esclusivamente l\u2019uso a fini personali e non commerciali del materiale scaricato, mentre resta tassativamente vietata qualsiasi altra forma di utilizzazione. Nulla di quanto presente nel Sito pu\u00f2 essere interpretato come licenza espressa o tacita a favore di terzi per l\u2019utilizzo dei Marchi F.I.L.A., dei testi, delle immagini, della grafica, dei suoni e di ogni altro elemento oggetto di privativa di cui ai precedenti paragrafi.<\/p>\n<p>L\u2019eventuale invio al Sito di materiale da parte degli Utenti \u00e8 disciplinato dagli specifici Regolamenti che stabiliscono le condizioni di invio di materiale alle sezioni a ci\u00f2 dedicate ed a cui espressamente si rimanda; si raccomanda di leggere attentamente i Regolamenti prima di procedere all\u2019invio.<\/p>\n<p>F.I.L.A. opera con la massima diligenza possibile al fine di selezionare ed aggiornare i contenuti del Sito; in ogni caso, F.I.L.A. declina ogni responsabilit\u00e0 nel caso in cui le informazioni riportate risultino lacunose od incomplete o contengano errori di qualsivoglia natura.<\/p>\n<p>F.I.L.A. declina altres\u00ec qualsivoglia responsabilit\u00e0 per eventuali danni che possano derivare agli Utenti ed alle loro propriet\u00e0 a seguito dell\u2019accesso al Sito, dell\u2019impossibilit\u00e0 di accedere al Sito o del downloading di materiale presente nel Sito, laddove sia consentito, incluso danni alle apparecchiature informatiche degli Utenti derivanti da virus.<\/p>\n<p>&nbsp;<\/p>\n<p><strong>SICUREZZA<\/strong><\/p>\n<p>Questo sito web e i siti ad esso linkati sono stati esaminati dalla F.I.L.A. con grande accuratezza. Non presentano pertanto contenuti pericolosi o sgradevoli per i bambini. I prodotti pubblicizzati non possono essere acquistati direttamente attraverso il sito.<\/p>\n<p>In ogni caso, F.I.L.A. \u00e8 responsabile solo ed esclusivamente del contenuto dei propri siti e non pu\u00f2 rispondere per il contenuto dei siti di terzi con i quali esiste un link autorizzato, in quanto non esercita alcun controllo su di essi.<\/p>\n<p>&nbsp;<\/p>\n<p>Qui potete consultare tutte le Informative legate ai siti del gruppo FILA e ai nostri servizi.<\/p>\n<p>&nbsp;<\/p>\n<p><strong><u><a href=\"https:\/\/www.fila.it\/ch\/it\/privacy-policy\/\">Privacy Policy<\/a><\/u><\/strong><\/p>\n<p><strong><u><a href=\"https:\/\/www.fila.it\/ch\/it\/cookies-policy-regarding-website-visitors\/\">Informativa cookies<\/a><\/u><\/strong><\/p>\n<p><strong><u><a href=\"https:\/\/www.fila.it\/ch\/it\/newsletter-subscription\/\">Informativa relativa all\u2019iscrizione alla Newsletter<\/a><\/u><\/strong><\/p>\n<p><strong><u><a href=\"https:\/\/www.fila.it\/ch\/it\/general-informative-notice-on-the-processing-of-customer-supplier-data\/\">Informativa Clienti e Fornitori<\/a><\/u><\/strong><\/p>\n<p><strong><u><a href=\"https:\/\/www.fila.it\/ch\/it\/terms-and-conditions-for-content-upload\/\">Informativa per Upload Video<\/a><\/u><\/strong><\/p>\n<p>&nbsp;<\/p>\n<p>Per ulteriori informazioni, contattateci.<\/p>\n","protected":false},"excerpt":{"rendered":"<p>INFORMAZIONI SOCIETARIE Fila Art Products AG &#8211; A FILA Group Company Schwimmbadstrasse 45, CH-5430 Wettingen, Switzerland Fon: ++41 (0) 56 430 04 66 &#8211; Fax: ++41 (0) 56 430 19 15 info@fila-ap.ch &#8211; www.fila-ap.ch &nbsp; F.I.L.A. \u2013 Fabbrica Italiana Lapis &hellip; <a href=\"https:\/\/www.fila.it\/ch\/it\/legal-disclaimer-and-privacy\/\">Continua<\/a><\/p>\n","protected":false},"author":4,"featured_media":0,"parent":0,"menu_order":0,"comment_status":"closed","ping_status":"closed","template":"","meta":[],"acf":[],"_links":{"self":[{"href":"https:\/\/www.fila.it\/ch\/it\/wp-json\/wp\/v2\/pages\/26511"}],"collection":[{"href":"https:\/\/www.fila.it\/ch\/it\/wp-json\/wp\/v2\/pages"}],"about":[{"href":"https:\/\/www.fila.it\/ch\/it\/wp-json\/wp\/v2\/types\/page"}],"author":[{"embeddable":true,"href":"https:\/\/www.fila.it\/ch\/it\/wp-json\/wp\/v2\/users\/4"}],"replies":[{"embeddable":true,"href":"https:\/\/www.fila.it\/ch\/it\/wp-json\/wp\/v2\/comments?post=26511"}],"version-history":[{"count":4,"href":"https:\/\/www.fila.it\/ch\/it\/wp-json\/wp\/v2\/pages\/26511\/revisions"}],"predecessor-version":[{"id":29042,"href":"https:\/\/www.fila.it\/ch\/it\/wp-json\/wp\/v2\/pages\/26511\/revisions\/29042"}],"wp:attachment":[{"href":"https:\/\/www.fila.it\/ch\/it\/wp-json\/wp\/v2\/media?parent=26511"}],"curies":[{"name":"wp","href":"https:\/\/api.w.org\/{rel}","templated":true}]}}