{"id":26522,"date":"2018-06-13T17:19:36","date_gmt":"2018-06-13T15:19:36","guid":{"rendered":"https:\/\/www.fila.it\/ch\/cookies-policy-regarding-website-visitors\/"},"modified":"2020-05-04T12:38:04","modified_gmt":"2020-05-04T10:38:04","slug":"cookies-policy-regarding-website-visitors","status":"publish","type":"page","link":"https:\/\/www.fila.it\/ch\/it\/cookies-policy-regarding-website-visitors\/","title":{"rendered":"Informativa Cookies"},"content":{"rendered":"<p><strong>COOKIES POLICY PER I VISITATORI DEL SITO<\/strong><\/p>\n<p>&nbsp;<\/p>\n<p>I cookie sono stringhe di testo di piccola dimensione scambiati tra un server e il web client. Sono usati per eseguire autenticazioni automatiche, tracking di sessioni e memorizzazione di informazioni specifiche riguardanti gli utenti che accedono al server. Questo sito utilizza i cookie per le seguenti finalit\u00e0:<\/p>\n<p>&nbsp;<\/p>\n<p>&nbsp;<\/p>\n<p><strong>Cookie tecnici che non richiedono consenso<\/strong><\/p>\n<p>&nbsp;<\/p>\n<p>Alcune operazioni non potrebbero essere compiute senza l\u2019uso dei cookies, che in alcuni casi sono quindi tecnicamente necessari: a titolo esemplificativo, il cookie che permette di riconoscere e mantenere la sessione attiva con l\u2019utente che sta consultando il sito, o il cookie che permette di riconoscere un utente dopo aver effettuato il login.<\/p>\n<p>&nbsp;<\/p>\n<p>FILA utilizza questi cookies per ottimizzare la navigazione degli utenti. Queste tecnologie non consentono in alcun caso il salvataggio dei dati, delle credenziali dell\u2019utente o di altre informazioni sul dispositivo, in modo da mantenere inalterato il livello di sicurezza del sito.<\/p>\n<p>&nbsp;<\/p>\n<p>&nbsp;<\/p>\n<p><strong>Cookie gestiti da terzi che richiedono un consenso<\/strong><\/p>\n<p>&nbsp;<\/p>\n<p>e che permettono al Titolare del Trattamento di monitorare e analizzare i dati di traffico e servono a tener traccia del comportamento dell\u2019utente:<\/p>\n<p>&nbsp;<\/p>\n<p>Nome  Scopo del cookie       Informativa estesa<\/p>\n<p>Google Analytics (Google)<\/p>\n<p>&nbsp;<\/p>\n<p>Analizzare i dati di traffico e servono a tener traccia del comportamento dell\u2019Utente.        Google Analytics \u00e8 un servizio di analisi web fornito da Google Inc. (\u201cGoogle\u201d). Google utilizza i Dati Personali raccolti allo scopo di tracciare ed esaminare l\u2019utilizzo di questa Applicazione, compilare report e condividerli con gli altri servizi sviluppati da Google.<\/p>\n<p>Google potrebbe utilizzare i Dati Personali per contestualizzare e personalizzare gli annunci del proprio network pubblicitario.Dati personali raccolti: Cookie e Dati di utilizzo.Luogo del trattamento : USA \u2013 Privacy Policy \u2013 Opt Out<\/p>\n<p>Gestione dei cookie dalle impostazioni del browser<\/p>\n<p>&nbsp;<\/p>\n<p>Questo sito web funziona in modo ottimale se i cookie sono abilitati. Puoi comunque decidere di non consentire l\u2019impostazione dei cookie sul tuo computer.<\/p>\n<p>Per informazioni su come modificare le impostazioni dei cookie seleziona il browser che stai utilizzando:<\/p>\n<p>&nbsp;<\/p>\n<p>Nome del browser   Link a gestione cookie<\/p>\n<p>Chrome          https:\/\/support.google.com\/chrome\/answer\/95647?hl=it<\/p>\n<p>Microsoft Internet Explorer           http:\/\/windows.microsoft.com\/it-it\/windows7\/How-to-manage-cookies-in-Internet-Explorer-9<\/p>\n<p>Safari  https:\/\/support.apple.com\/kb\/PH19255?viewlocale=it_IT&amp;locale=it_IT<\/p>\n<p>Mozilla Firefox          https:\/\/support.mozilla.org\/it\/kb\/Attivare%20e%20disattivare%20i%20cookie<\/p>\n<p>Se disattivi completamente i cookie, potresti disabilitare alcune funzionalit\u00e0 del sito.<\/p>\n<p>Anche con tutti i cookie disabilitati, il browser che stai utilizzando continuer\u00e0 a memorizzare una piccola quantit\u00e0 di informazioni, necessarie per le funzionalit\u00e0 di base del sito.<\/p>\n<p><script id=\"CookieDeclaration\" src=\"https:\/\/consent.cookiebot.com\/b5ef0e2b-65cf-484c-96f4-00e67919fcad\/cd.js\" type=\"text\/javascript\" async><\/script><\/p>\n","protected":false},"excerpt":{"rendered":"<p>COOKIES POLICY PER I VISITATORI DEL SITO &nbsp; I cookie sono stringhe di testo di piccola dimensione scambiati tra un server e il web client. Sono usati per eseguire autenticazioni automatiche, tracking di sessioni e memorizzazione di informazioni specifiche riguardanti &hellip; <a href=\"https:\/\/www.fila.it\/ch\/it\/cookies-policy-regarding-website-visitors\/\">Continua<\/a><\/p>\n","protected":false},"author":3,"featured_media":0,"parent":0,"menu_order":0,"comment_status":"closed","ping_status":"closed","template":"","meta":[],"acf":[],"_links":{"self":[{"href":"https:\/\/www.fila.it\/ch\/it\/wp-json\/wp\/v2\/pages\/26522"}],"collection":[{"href":"https:\/\/www.fila.it\/ch\/it\/wp-json\/wp\/v2\/pages"}],"about":[{"href":"https:\/\/www.fila.it\/ch\/it\/wp-json\/wp\/v2\/types\/page"}],"author":[{"embeddable":true,"href":"https:\/\/www.fila.it\/ch\/it\/wp-json\/wp\/v2\/users\/3"}],"replies":[{"embeddable":true,"href":"https:\/\/www.fila.it\/ch\/it\/wp-json\/wp\/v2\/comments?post=26522"}],"version-history":[{"count":3,"href":"https:\/\/www.fila.it\/ch\/it\/wp-json\/wp\/v2\/pages\/26522\/revisions"}],"predecessor-version":[{"id":29903,"href":"https:\/\/www.fila.it\/ch\/it\/wp-json\/wp\/v2\/pages\/26522\/revisions\/29903"}],"wp:attachment":[{"href":"https:\/\/www.fila.it\/ch\/it\/wp-json\/wp\/v2\/media?parent=26522"}],"curies":[{"name":"wp","href":"https:\/\/api.w.org\/{rel}","templated":true}]}}