{"id":26538,"date":"2018-06-13T17:29:08","date_gmt":"2018-06-13T15:29:08","guid":{"rendered":"https:\/\/www.fila.it\/ch\/terms-and-conditions-for-content-upload\/"},"modified":"2018-06-26T14:36:17","modified_gmt":"2018-06-26T12:36:17","slug":"terms-and-conditions-for-content-upload","status":"publish","type":"page","link":"https:\/\/www.fila.it\/ch\/it\/terms-and-conditions-for-content-upload\/","title":{"rendered":"Upload e contenuti inviati dall\u2019Utente"},"content":{"rendered":"<p>Alcuni servizi erogati dal sito (es. eventi, concorsi, DAS Creative Lab) permettono agli Utenti di inviare e caricare immagini e\/o video (\u201cContenuti\u201d), che per la natura del servizio stesso, sono destinati alla comunicazione e diffusione. Gli Utenti, utilizzando tali servizi, dichiarano di conoscere e accettare le Note Legali e Privacy del sito e garantiscono che l\u2019uso \u00e8 effettuato a loro discrezione e sotto la loro totale ed esclusiva responsabilit\u00e0.<br \/>\nI Contenuti caricati sono di norma ospitati da altri service e\/o content provider, quali YouTube, che applicano le loro politiche di tutela della privacy e del diritto d\u2019autore e per le quali F.I.L.A. non ha alcuna possibilit\u00e0 di intervento n\u00e9 responsabilit\u00e0.<\/p>\n<p>F.I.L.A. attua una politica di verifica e selezione dei contenuti e delle immagini inviate pubblicando a propria discrezione solo i Contenuti che ritiene adeguati. Inoltre, F.I.L.A. potr\u00e0 rimuovere dal proprio sito ovvero dai canali social ad esso collegati (Facebook, Instagram, Linkedin), a suo libero e insindacabile giudizio, tutti i Contenuti pubblicati.<\/p>\n<p>L\u2019Utente cede a F.I.L.A. ogni diritto di uso relativo ai Contenuti inviati e messi a disposizione dello stesso Utente e riconosce che la cessione a F.I.L.A. dei diritti di utilizzazione avviene a titolo gratuito. In particolare, l\u2019Utente concede a F.I.L.A. il diritto illimitato di uso non esclusivo, senza limitazioni di tempo, mezzi e aree geografiche, nonch\u00e9 ogni e qualunque diritto di pubblicazione, esecuzione, rappresentazione in pubblico e comunicazione al pubblico, messa a disposizione del pubblico, distribuzione, traduzione, elaborazione in qualsiasi forma e con qualsiasi mezzo, dei Contenuti.<\/p>\n<p>F.I.L.A. potr\u00e0, pertanto, direttamente o tramite terzi, utilizzare, copiare, trasmettere, estrarre, pubblicare, distribuire, eseguire pubblicamente, diffondere, creare opere derivate, ospitare, indicizzare, memorizzare, annotare, codificare, modificare e adattare (includendo senza limitazioni il diritto di adattare per la trasmissione con qualsiasi modalit\u00e0 di comunicazione) in qualsiasi forma o con qualsiasi strumento, attuale o futuro, ogni Contenuto, anche audio e video, che dovesse essere inviato dall\u2019Utente, anche per il tramite di terzi.<\/p>\n<p>Inoltre, l\u2019Utente riconosce il diritto di F.I.L.A. all\u2019utilizzo dei Contenuti inviati nel loro insieme o nelle singole parti e componenti, anche attraverso montaggi, tagli ed adattamenti, senza limitazione alcuna, fatto salvo l\u2019uso dei Contenuti medesimi in contesti che possano arrecare pregiudizio alla dignit\u00e0, alla reputazione e al decoro personale dell\u2019interessato e dei suoi prossimi congiunti.<\/p>\n<p>L\u2019Utente \u00e8 tenuto ad attenersi al divieto di inviare Contenuti illegali e\/o abusivi, lesivi di diritti altrui o che violino, o possano violare, il diritto alla privacy, diritti di propriet\u00e0 intellettuale o industriale o altri diritti di terzi, pornografici e\/o sessualmente espliciti, calunniosi o diffamatori, minacciosi, dannosi, volgari, osceni o altrimenti riprovevoli od offensivi, in ossequio alla vigente legislazione.<br \/>\nF.I.L.A. collabora con la Pubblica Autorit\u00e0 in tutti i casi in cui le venga richiesto di fornire i dati e\/o informazioni necessarie per risalire agli autori di eventuali illeciti.<\/p>\n<p>L\u2019utente dichiara che i Contenuti inviati sono autentici, non coperti da copyright, nella piena disponibilit\u00e0 di chi li ha inviati e non gravati da altrui diritti di utilizzazione e manleva F.I.L.A. da ogni responsabilit\u00e0 nel caso di contestazioni o azioni, da chiunque intraprese, in merito a detti diritti.<\/p>\n<p>L\u2019utente garantisce a F.I.L.A.:<\/p>\n<ul>\n<li>di non violare la privacy di terzi, dichiarando e garantendo di aver ottenuto tutti i consensi e le liberatorie ove necessari da ogni titolare dei diritti a qualsiasi titolo sui Contenuti, inclusi a mero titolo esemplificativo e non esaustivo, in caso di immagini o contenuti audiovisivi, i permessi allo sfruttamento del diritto di immagine, il consenso al trattamento dei dati personali di ciascuno dei soggetti che compaiono nei Contenuti;<br \/>\nnel caso in cui i Contenuti inviati contengono dati afferenti a soggetti terzi minori, di aver acquisito il consenso e liberatoria di entrambi i genitori;<\/li>\n<li>di non pubblicare Contenuti che comportino la violazione di diritto d&#8217;autore;<\/li>\n<li>di non usare i Contenuti per fini commerciali, pubblicitari, o promozionali propri o di terzi;<\/li>\n<li>di non pubblicare messaggi pubblicitari occulti o espliciti;<\/li>\n<li>di non diffondere virus ed altre simili minacce informatiche quali ad esempio spyware, adware, rootkit, backdoor, trojan;<\/li>\n<li>di tenere F.I.L.A. indenne e manlevata da ogni qualsivoglia pretesa avanzata da parte di terzi soggetti per qualsiasi violazione commessa dall\u2019utente con i Contenuti inviati e pubblicati e contraria alle disposizioni di legge e regole di comportamento qui previste.<\/li>\n<\/ul>\n<p>Le condizioni previste nelle Note Legali e Privacy sono estese anche alle immagini audio\/visive pubblicate sui social network quali Facebook, Instagram e Youtube ed altre piattaforme.<\/p>\n<p>Le funzionalit\u00e0 per i Social Media e i Widget sono gestiti da terzi o ospitati direttamente dal nostro sito. Le interazioni con queste funzioni sono disciplinate dalle disposizioni per la tutela della privacy delle societ\u00e0 che le forniscono.<\/p>\n","protected":false},"excerpt":{"rendered":"<p>Alcuni servizi erogati dal sito (es. eventi, concorsi, DAS Creative Lab) permettono agli Utenti di inviare e caricare immagini e\/o video (\u201cContenuti\u201d), che per la natura del servizio stesso, sono destinati alla comunicazione e diffusione. Gli Utenti, utilizzando tali servizi, &hellip; <a href=\"https:\/\/www.fila.it\/ch\/it\/terms-and-conditions-for-content-upload\/\">Continua<\/a><\/p>\n","protected":false},"author":3,"featured_media":0,"parent":0,"menu_order":0,"comment_status":"closed","ping_status":"closed","template":"","meta":[],"acf":[],"_links":{"self":[{"href":"https:\/\/www.fila.it\/ch\/it\/wp-json\/wp\/v2\/pages\/26538"}],"collection":[{"href":"https:\/\/www.fila.it\/ch\/it\/wp-json\/wp\/v2\/pages"}],"about":[{"href":"https:\/\/www.fila.it\/ch\/it\/wp-json\/wp\/v2\/types\/page"}],"author":[{"embeddable":true,"href":"https:\/\/www.fila.it\/ch\/it\/wp-json\/wp\/v2\/users\/3"}],"replies":[{"embeddable":true,"href":"https:\/\/www.fila.it\/ch\/it\/wp-json\/wp\/v2\/comments?post=26538"}],"version-history":[{"count":2,"href":"https:\/\/www.fila.it\/ch\/it\/wp-json\/wp\/v2\/pages\/26538\/revisions"}],"predecessor-version":[{"id":29047,"href":"https:\/\/www.fila.it\/ch\/it\/wp-json\/wp\/v2\/pages\/26538\/revisions\/29047"}],"wp:attachment":[{"href":"https:\/\/www.fila.it\/ch\/it\/wp-json\/wp\/v2\/media?parent=26538"}],"curies":[{"name":"wp","href":"https:\/\/api.w.org\/{rel}","templated":true}]}}