{"id":28500,"date":"2018-06-20T09:00:56","date_gmt":"2018-06-20T07:36:51","guid":{"rendered":"https:\/\/www.fila.it\/ch\/product\/das-mattarello-professionale-regolabile\/"},"modified":"2018-07-11T18:38:20","modified_gmt":"2018-07-11T16:38:20","slug":"das-mattarello-professionale-regolabile","status":"publish","type":"product","link":"https:\/\/www.fila.it\/ch\/it\/product\/das-mattarello-professionale-regolabile\/","title":{"rendered":"DAS Mattarello professionale regolabile"},"content":{"rendered":"<p>Con il mattarello professionale la perfezione non \u00e8 pi\u00f9 un problema! Regolabile mediante tre speciali coppie di anelli di diametro crescente: 2,5 mm, 3,5 mm e 5 mm, consente di stendere la pasta DAS in tre diversi spessori, perfettamente lisci e uniformi in ogni punto. Lungo 33 cm, \u00e8 estremamente resistente e funzionale perch\u00e9 si lava con acqua ed \u00e8 in materiale plastico senza cavit\u00e0 interna.<\/p>\n","protected":false},"excerpt":{"rendered":"<p>Spiana la strada alla creativit\u00e0 con DAS Mattarello.<\/p>\n","protected":false},"featured_media":26684,"comment_status":"closed","ping_status":"open","template":"","meta":[],"product_cat":[4638],"product_tag":[4639,4650],"acf":[],"_links":{"self":[{"href":"https:\/\/www.fila.it\/ch\/it\/wp-json\/wp\/v2\/product\/28500"}],"collection":[{"href":"https:\/\/www.fila.it\/ch\/it\/wp-json\/wp\/v2\/product"}],"about":[{"href":"https:\/\/www.fila.it\/ch\/it\/wp-json\/wp\/v2\/types\/product"}],"replies":[{"embeddable":true,"href":"https:\/\/www.fila.it\/ch\/it\/wp-json\/wp\/v2\/comments?post=28500"}],"wp:featuredmedia":[{"embeddable":true,"href":"https:\/\/www.fila.it\/ch\/it\/wp-json\/wp\/v2\/media\/26684"}],"wp:attachment":[{"href":"https:\/\/www.fila.it\/ch\/it\/wp-json\/wp\/v2\/media?parent=28500"}],"wp:term":[{"taxonomy":"product_cat","embeddable":true,"href":"https:\/\/www.fila.it\/ch\/it\/wp-json\/wp\/v2\/product_cat?post=28500"},{"taxonomy":"product_tag","embeddable":true,"href":"https:\/\/www.fila.it\/ch\/it\/wp-json\/wp\/v2\/product_tag?post=28500"}],"curies":[{"name":"wp","href":"https:\/\/api.w.org\/{rel}","templated":true}]}}