{"id":28503,"date":"2018-06-20T09:36:51","date_gmt":"2018-06-20T07:36:51","guid":{"rendered":"https:\/\/www.fila.it\/ch\/product\/giotto-be-be-appuntamatitoni\/"},"modified":"2018-06-20T09:36:51","modified_gmt":"2018-06-20T07:36:51","slug":"giotto-be-be-appuntamatitoni","status":"publish","type":"product","link":"https:\/\/www.fila.it\/ch\/it\/product\/giotto-be-be-appuntamatitoni\/","title":{"rendered":"Giotto be-b\u00e8 Appuntamatitoni"},"content":{"rendered":"<p>Ideali per i Supermatitoni e per i Superpastelloni a cera sono da portare sempre con s\u00e9. L&#8217;appuntamatitone Giotto be-b\u00e8, non contiene parti amovibili e la sua dimensione molto grande \u00e8 stata studiata affinch\u00e9 il bambino non possa ingerirlo o metterlo in bocca.<\/p>\n","protected":false},"excerpt":{"rendered":"<p>Temperare diventa un gioco nel gioco, con i simpatici e originali Appuntamatitoni Giotto be-b\u00e8!<\/p>\n","protected":false},"featured_media":10493,"comment_status":"closed","ping_status":"open","template":"","meta":[],"product_cat":[4632],"product_tag":[4641,4633,4653],"acf":[],"_links":{"self":[{"href":"https:\/\/www.fila.it\/ch\/it\/wp-json\/wp\/v2\/product\/28503"}],"collection":[{"href":"https:\/\/www.fila.it\/ch\/it\/wp-json\/wp\/v2\/product"}],"about":[{"href":"https:\/\/www.fila.it\/ch\/it\/wp-json\/wp\/v2\/types\/product"}],"replies":[{"embeddable":true,"href":"https:\/\/www.fila.it\/ch\/it\/wp-json\/wp\/v2\/comments?post=28503"}],"wp:featuredmedia":[{"embeddable":true,"href":"https:\/\/www.fila.it\/ch\/it\/wp-json\/wp\/v2\/media\/10493"}],"wp:attachment":[{"href":"https:\/\/www.fila.it\/ch\/it\/wp-json\/wp\/v2\/media?parent=28503"}],"wp:term":[{"taxonomy":"product_cat","embeddable":true,"href":"https:\/\/www.fila.it\/ch\/it\/wp-json\/wp\/v2\/product_cat?post=28503"},{"taxonomy":"product_tag","embeddable":true,"href":"https:\/\/www.fila.it\/ch\/it\/wp-json\/wp\/v2\/product_tag?post=28503"}],"curies":[{"name":"wp","href":"https:\/\/api.w.org\/{rel}","templated":true}]}}