{"id":28510,"date":"2018-06-20T09:36:51","date_gmt":"2018-06-20T07:36:51","guid":{"rendered":"https:\/\/www.fila.it\/ch\/product\/giotto-be-be-set-super-pasta-per-giocare\/"},"modified":"2018-06-20T09:36:51","modified_gmt":"2018-06-20T07:36:51","slug":"giotto-be-be-set-super-pasta-per-giocare","status":"publish","type":"product","link":"https:\/\/www.fila.it\/ch\/it\/product\/giotto-be-be-set-super-pasta-per-giocare\/","title":{"rendered":"Giotto be-b\u00e8 Set Super Pasta per giocare"},"content":{"rendered":"<p>Una pasta morbidissima a base di ingredienti naturali per giocare in tutta tranquillit\u00e0, ideale per sviluppare la manualit\u00e0 del bambino anche piccolissimo. Dermatologicamente testata, non macchia e non sporca, e rimuoverla dai vestiti \u00e8 semplicissimo: basta lasciarla essiccare e spazzolare.<\/p>\n","protected":false},"excerpt":{"rendered":"<p>Modellare \u00e8 un gioco che inizia fin da subito con la Superpasta per giocare Giotto Be-b\u00e9!<\/p>\n","protected":false},"featured_media":10520,"comment_status":"closed","ping_status":"open","template":"","meta":[],"product_cat":[4638],"product_tag":[4669,4639,4668],"acf":[],"_links":{"self":[{"href":"https:\/\/www.fila.it\/ch\/it\/wp-json\/wp\/v2\/product\/28510"}],"collection":[{"href":"https:\/\/www.fila.it\/ch\/it\/wp-json\/wp\/v2\/product"}],"about":[{"href":"https:\/\/www.fila.it\/ch\/it\/wp-json\/wp\/v2\/types\/product"}],"replies":[{"embeddable":true,"href":"https:\/\/www.fila.it\/ch\/it\/wp-json\/wp\/v2\/comments?post=28510"}],"wp:featuredmedia":[{"embeddable":true,"href":"https:\/\/www.fila.it\/ch\/it\/wp-json\/wp\/v2\/media\/10520"}],"wp:attachment":[{"href":"https:\/\/www.fila.it\/ch\/it\/wp-json\/wp\/v2\/media?parent=28510"}],"wp:term":[{"taxonomy":"product_cat","embeddable":true,"href":"https:\/\/www.fila.it\/ch\/it\/wp-json\/wp\/v2\/product_cat?post=28510"},{"taxonomy":"product_tag","embeddable":true,"href":"https:\/\/www.fila.it\/ch\/it\/wp-json\/wp\/v2\/product_tag?post=28510"}],"curies":[{"name":"wp","href":"https:\/\/api.w.org\/{rel}","templated":true}]}}