{"id":28513,"date":"2018-06-20T09:37:23","date_gmt":"2018-06-20T07:37:23","guid":{"rendered":"https:\/\/www.fila.it\/ch\/product\/giotto-be-be-supermatitoni-per-la-classe\/"},"modified":"2018-06-20T09:37:23","modified_gmt":"2018-06-20T07:37:23","slug":"giotto-be-be-supermatitoni-per-la-classe","status":"publish","type":"product","link":"https:\/\/www.fila.it\/ch\/it\/product\/giotto-be-be-supermatitoni-per-la-classe\/","title":{"rendered":"Giotto be-b\u00e8 Supermatitoni &#8211; Per la classe"},"content":{"rendered":"<p>Con supermatite cos\u00ec, i piccoli pensano in grande anche a scuola! Una mina gigante di 7 mm per disegnare e colorare in totale libert\u00e0 ma grande protezione, grazie al fondino di sicurezza in plastica. Colori vivaci e morbidi, superlavabili, facili da temperare con appunta-matitone compreso in tutte le confezioni. Perch\u00e9 con i Supermatitoni, \u00e8 facile creare!<\/p>\n","protected":false},"excerpt":{"rendered":"<p>Giotto be-b\u00e8 Supermatitoni: per i piccoli con idee giganti anche in classe.<\/p>\n","protected":false},"featured_media":10532,"comment_status":"closed","ping_status":"open","template":"","meta":[],"product_cat":[4632],"product_tag":[4633,4676,4677],"acf":[],"_links":{"self":[{"href":"https:\/\/www.fila.it\/ch\/it\/wp-json\/wp\/v2\/product\/28513"}],"collection":[{"href":"https:\/\/www.fila.it\/ch\/it\/wp-json\/wp\/v2\/product"}],"about":[{"href":"https:\/\/www.fila.it\/ch\/it\/wp-json\/wp\/v2\/types\/product"}],"replies":[{"embeddable":true,"href":"https:\/\/www.fila.it\/ch\/it\/wp-json\/wp\/v2\/comments?post=28513"}],"wp:featuredmedia":[{"embeddable":true,"href":"https:\/\/www.fila.it\/ch\/it\/wp-json\/wp\/v2\/media\/10532"}],"wp:attachment":[{"href":"https:\/\/www.fila.it\/ch\/it\/wp-json\/wp\/v2\/media?parent=28513"}],"wp:term":[{"taxonomy":"product_cat","embeddable":true,"href":"https:\/\/www.fila.it\/ch\/it\/wp-json\/wp\/v2\/product_cat?post=28513"},{"taxonomy":"product_tag","embeddable":true,"href":"https:\/\/www.fila.it\/ch\/it\/wp-json\/wp\/v2\/product_tag?post=28513"}],"curies":[{"name":"wp","href":"https:\/\/api.w.org\/{rel}","templated":true}]}}