{"id":28621,"date":"2018-06-20T09:39:56","date_gmt":"2018-06-20T07:39:56","guid":{"rendered":"https:\/\/www.fila.it\/ch\/product\/lyra-rembrandt-carbon-special\/"},"modified":"2018-06-20T09:39:56","modified_gmt":"2018-06-20T07:39:56","slug":"lyra-rembrandt-carbon-special","status":"publish","type":"product","link":"https:\/\/www.fila.it\/ch\/it\/product\/lyra-rembrandt-carbon-special\/","title":{"rendered":"Lyra Rembrandt Carbon Special"},"content":{"rendered":"<p>La matita Rembrandt Carbon Special \u00e8 perfetta per ottenere neri profondi di eccezionale spessore e tonalit\u00e0, grazie all&#8217;elevata concentrazione di carboncino. Il tratto intenso \u00e8 l&#8217;ideale per dare risalto al disegno gi\u00e0 definito. Si consiglia l&#8217;uso di fissativo.<\/p>\n","protected":false},"excerpt":{"rendered":"<p>Lyra Rembrandt Carbon Special: la matita carboncino nero profondo adatta ad ogni artista.<\/p>\n","protected":false},"featured_media":10695,"comment_status":"closed","ping_status":"open","template":"","meta":[],"product_cat":[4742],"product_tag":[4743,4753,4769],"acf":[],"_links":{"self":[{"href":"https:\/\/www.fila.it\/ch\/it\/wp-json\/wp\/v2\/product\/28621"}],"collection":[{"href":"https:\/\/www.fila.it\/ch\/it\/wp-json\/wp\/v2\/product"}],"about":[{"href":"https:\/\/www.fila.it\/ch\/it\/wp-json\/wp\/v2\/types\/product"}],"replies":[{"embeddable":true,"href":"https:\/\/www.fila.it\/ch\/it\/wp-json\/wp\/v2\/comments?post=28621"}],"wp:featuredmedia":[{"embeddable":true,"href":"https:\/\/www.fila.it\/ch\/it\/wp-json\/wp\/v2\/media\/10695"}],"wp:attachment":[{"href":"https:\/\/www.fila.it\/ch\/it\/wp-json\/wp\/v2\/media?parent=28621"}],"wp:term":[{"taxonomy":"product_cat","embeddable":true,"href":"https:\/\/www.fila.it\/ch\/it\/wp-json\/wp\/v2\/product_cat?post=28621"},{"taxonomy":"product_tag","embeddable":true,"href":"https:\/\/www.fila.it\/ch\/it\/wp-json\/wp\/v2\/product_tag?post=28621"}],"curies":[{"name":"wp","href":"https:\/\/api.w.org\/{rel}","templated":true}]}}