{"id":28647,"date":"2018-06-20T09:40:25","date_gmt":"2018-06-20T07:40:25","guid":{"rendered":"https:\/\/www.fila.it\/ch\/product\/tratto-clip\/"},"modified":"2018-06-20T09:40:25","modified_gmt":"2018-06-20T07:40:25","slug":"tratto-clip","status":"publish","type":"product","link":"https:\/\/www.fila.it\/ch\/it\/product\/tratto-clip\/","title":{"rendered":"Tratto Clip"},"content":{"rendered":"<p>Si poteva rendere ancora pi\u00f9 raffinato il design di una penna gi\u00e0 vincitrice del &#8220;Compasso d&#8217;Oro&#8221;? S\u00ec, e l&#8217;evoluzione ha un nome: Tratto Clip. La penna a punta sintetica indeformabile con inchiostro a base di acqua ha un corpo metallizzato e clip in acciaio inox. 2.000 metri di scrittura sottile, precisa, elegante.<\/p>\n","protected":false},"excerpt":{"rendered":"<p>L&#8217;evoluzione di Tratto ha un nome: Tratto Clip.<\/p>\n","protected":false},"featured_media":10817,"comment_status":"closed","ping_status":"open","template":"","meta":[],"product_cat":[4738],"product_tag":[4739,4557,4775],"acf":[],"_links":{"self":[{"href":"https:\/\/www.fila.it\/ch\/it\/wp-json\/wp\/v2\/product\/28647"}],"collection":[{"href":"https:\/\/www.fila.it\/ch\/it\/wp-json\/wp\/v2\/product"}],"about":[{"href":"https:\/\/www.fila.it\/ch\/it\/wp-json\/wp\/v2\/types\/product"}],"replies":[{"embeddable":true,"href":"https:\/\/www.fila.it\/ch\/it\/wp-json\/wp\/v2\/comments?post=28647"}],"wp:featuredmedia":[{"embeddable":true,"href":"https:\/\/www.fila.it\/ch\/it\/wp-json\/wp\/v2\/media\/10817"}],"wp:attachment":[{"href":"https:\/\/www.fila.it\/ch\/it\/wp-json\/wp\/v2\/media?parent=28647"}],"wp:term":[{"taxonomy":"product_cat","embeddable":true,"href":"https:\/\/www.fila.it\/ch\/it\/wp-json\/wp\/v2\/product_cat?post=28647"},{"taxonomy":"product_tag","embeddable":true,"href":"https:\/\/www.fila.it\/ch\/it\/wp-json\/wp\/v2\/product_tag?post=28647"}],"curies":[{"name":"wp","href":"https:\/\/api.w.org\/{rel}","templated":true}]}}