{"id":28659,"date":"2018-06-20T09:40:56","date_gmt":"2018-06-20T07:40:56","guid":{"rendered":"https:\/\/www.fila.it\/ch\/product\/lyra-rembrandt-black-pastel\/"},"modified":"2018-06-20T09:40:56","modified_gmt":"2018-06-20T07:40:56","slug":"lyra-rembrandt-black-pastel","status":"publish","type":"product","link":"https:\/\/www.fila.it\/ch\/it\/product\/lyra-rembrandt-black-pastel\/","title":{"rendered":"Lyra Rembrandt Black Pastel"},"content":{"rendered":"<p>\u00c8 la matita in gesso nero ideale per realizzare contorni nei disegni realizzati con carboncino e pastello. \u00c8 acquerellabile e facilmente miscelabile. Il nero \u00e8 intenso e spolvera, quindi i lavori richiedono di essere protetti con un fissativo.<\/p>\n","protected":false},"excerpt":{"rendered":"<p>Contorni decisi con Lyra Rembrandt Black Pastel.<\/p>\n","protected":false},"featured_media":10748,"comment_status":"closed","ping_status":"open","template":"","meta":[],"product_cat":[4742],"product_tag":[4743,4753,4769],"acf":[],"_links":{"self":[{"href":"https:\/\/www.fila.it\/ch\/it\/wp-json\/wp\/v2\/product\/28659"}],"collection":[{"href":"https:\/\/www.fila.it\/ch\/it\/wp-json\/wp\/v2\/product"}],"about":[{"href":"https:\/\/www.fila.it\/ch\/it\/wp-json\/wp\/v2\/types\/product"}],"replies":[{"embeddable":true,"href":"https:\/\/www.fila.it\/ch\/it\/wp-json\/wp\/v2\/comments?post=28659"}],"wp:featuredmedia":[{"embeddable":true,"href":"https:\/\/www.fila.it\/ch\/it\/wp-json\/wp\/v2\/media\/10748"}],"wp:attachment":[{"href":"https:\/\/www.fila.it\/ch\/it\/wp-json\/wp\/v2\/media?parent=28659"}],"wp:term":[{"taxonomy":"product_cat","embeddable":true,"href":"https:\/\/www.fila.it\/ch\/it\/wp-json\/wp\/v2\/product_cat?post=28659"},{"taxonomy":"product_tag","embeddable":true,"href":"https:\/\/www.fila.it\/ch\/it\/wp-json\/wp\/v2\/product_tag?post=28659"}],"curies":[{"name":"wp","href":"https:\/\/api.w.org\/{rel}","templated":true}]}}