{"id":28269,"date":"2017-01-09T00:00:00","date_gmt":"2017-01-08T23:00:00","guid":{"rendered":"https:\/\/www.fila.it\/de\/product\/das-junior-schulbox-buchstaben\/"},"modified":"2017-01-09T00:00:00","modified_gmt":"2017-01-08T23:00:00","slug":"das-junior-schulbox-buchstaben","status":"publish","type":"product","link":"https:\/\/www.fila.it\/de\/de\/produkt\/das-junior-schulbox-buchstaben\/","title":{"rendered":"DAS Junior Schulbox Buchstaben"},"content":{"rendered":"<p>Wir stellen das neue Schulpaket vor: die neue Linie der &#8220;ready to use&#8221; Schulpakete. Die Schulbox von DAS wurde mit Hilfe von kompetenten Lehr-Experten entworfen und nutzt die Kreativit\u00e4t der Kinder, um Spielen und Lernen zu verbinden. Die DAS Modelliermasse ist lufth\u00e4rtend, sodass die fertigen Buchstaben nicht umst\u00e4ndlich gebrannt werden m\u00fcssen.  Das Paket enth\u00e4lt einen kompletten Klassen-Satz, mit allem was gebraucht wird, um themenorientierte Workshops zu organisieren. DAS Junior &#8211; Letters enth\u00e4lt Material zum Unterrichten des Alphabets: 1 Klassenplakat, 10 x 100 g Bl\u00f6cke der DAS Junior Modelliermasse mit roter und gelber F\u00e4rbung, um Vokale und Konsonanten direkt unterscheiden zu k\u00f6nnen, 26 Ausstecher mit allen Buchstaben des Alphabets, 8 Ausroller, 8 Messer und 2 Mini-Grip-Taschen zum Aufbewahren der fertigen Buchstaben oder zum Aufbewahren der Modelliermasse.<\/p>\n","protected":false},"excerpt":{"rendered":"<p>Mit der DAS Junior Schulbox Buchstaben wird das Alphabet zum Kinderspiel<\/p>\n","protected":false},"featured_media":25711,"comment_status":"closed","ping_status":"open","template":"","meta":[],"product_cat":[5059],"product_tag":[5060,5065,5072],"acf":[],"_links":{"self":[{"href":"https:\/\/www.fila.it\/de\/de\/wp-json\/wp\/v2\/product\/28269"}],"collection":[{"href":"https:\/\/www.fila.it\/de\/de\/wp-json\/wp\/v2\/product"}],"about":[{"href":"https:\/\/www.fila.it\/de\/de\/wp-json\/wp\/v2\/types\/product"}],"replies":[{"embeddable":true,"href":"https:\/\/www.fila.it\/de\/de\/wp-json\/wp\/v2\/comments?post=28269"}],"wp:featuredmedia":[{"embeddable":true,"href":"https:\/\/www.fila.it\/de\/de\/wp-json\/wp\/v2\/media\/25711"}],"wp:attachment":[{"href":"https:\/\/www.fila.it\/de\/de\/wp-json\/wp\/v2\/media?parent=28269"}],"wp:term":[{"taxonomy":"product_cat","embeddable":true,"href":"https:\/\/www.fila.it\/de\/de\/wp-json\/wp\/v2\/product_cat?post=28269"},{"taxonomy":"product_tag","embeddable":true,"href":"https:\/\/www.fila.it\/de\/de\/wp-json\/wp\/v2\/product_tag?post=28269"}],"curies":[{"name":"wp","href":"https:\/\/api.w.org\/{rel}","templated":true}]}}