{"id":28584,"date":"2018-03-12T09:27:15","date_gmt":"2018-03-12T08:27:15","guid":{"rendered":"https:\/\/www.fila.it\/de\/product\/lyra-ferby-graphit\/"},"modified":"2018-03-12T09:27:15","modified_gmt":"2018-03-12T08:27:15","slug":"lyra-ferby-graphit","status":"publish","type":"product","link":"https:\/\/www.fila.it\/de\/de\/produkt\/lyra-ferby-graphit\/","title":{"rendered":"LYRA Ferby Graphit"},"content":{"rendered":"<p>LYRA Ferby Graphit ist ein speziell f\u00fcr junge K\u00fcnstler hergestellter dicker Bleistift.  Ganz gleich, ob Rechts- oder Linksh\u00e4nder &#8211; der LYRA Ferby Bleistift liegt dank seiner dreieckigen, ergonomischen Form immer perfekt in der Hand. Dadurch ist dieser Bleistift perfekt geeignet, um stundenlang, ununterbrochen und ohne M\u00fche zeichnen oder schreiben zu k\u00f6nnen.  Der LYRA Ferby Graphit zeichnet sich durch seine geballte Qualit\u00e4t auf einer L\u00e4nge von 12 cm aus. Der extra robuste LYRA Ferby Graphit Stift ist 10 mm dick und hat eine bruchfeste 6,3 mm starke Graphitmine.<\/p>\n","protected":false},"excerpt":{"rendered":"<p>LYRA Ferby Graphit \u2013 robuster Bleistift f\u00fcr junge K\u00fcnstler<\/p>\n","protected":false},"featured_media":25741,"comment_status":"closed","ping_status":"open","template":"","meta":[],"product_cat":[5127],"product_tag":[5179,5062,5128],"acf":[],"_links":{"self":[{"href":"https:\/\/www.fila.it\/de\/de\/wp-json\/wp\/v2\/product\/28584"}],"collection":[{"href":"https:\/\/www.fila.it\/de\/de\/wp-json\/wp\/v2\/product"}],"about":[{"href":"https:\/\/www.fila.it\/de\/de\/wp-json\/wp\/v2\/types\/product"}],"replies":[{"embeddable":true,"href":"https:\/\/www.fila.it\/de\/de\/wp-json\/wp\/v2\/comments?post=28584"}],"wp:featuredmedia":[{"embeddable":true,"href":"https:\/\/www.fila.it\/de\/de\/wp-json\/wp\/v2\/media\/25741"}],"wp:attachment":[{"href":"https:\/\/www.fila.it\/de\/de\/wp-json\/wp\/v2\/media?parent=28584"}],"wp:term":[{"taxonomy":"product_cat","embeddable":true,"href":"https:\/\/www.fila.it\/de\/de\/wp-json\/wp\/v2\/product_cat?post=28584"},{"taxonomy":"product_tag","embeddable":true,"href":"https:\/\/www.fila.it\/de\/de\/wp-json\/wp\/v2\/product_tag?post=28584"}],"curies":[{"name":"wp","href":"https:\/\/api.w.org\/{rel}","templated":true}]}}