{"id":28660,"date":"2018-03-12T09:28:08","date_gmt":"2018-03-12T08:28:08","guid":{"rendered":"https:\/\/www.fila.it\/de\/product\/giotto-elios-giant-woodfree-schulbox\/"},"modified":"2018-04-19T18:44:33","modified_gmt":"2018-04-19T16:44:33","slug":"giotto-elios-giant-woodfree-schulbox","status":"publish","type":"product","link":"https:\/\/www.fila.it\/de\/de\/produkt\/giotto-elios-giant-woodfree-schulbox\/","title":{"rendered":"GIOTTO Elios Giant Woodfree &#8211; Schulbox"},"content":{"rendered":"<p>Der GIOTTO Elios Giant Woodfree ist ein dreifl\u00e4chiger, holzfreier Dickkernfarbstift, der mit einer bruchsicheren Mine ideal f\u00fcr Kinder geeignet ist.   Die hochwertige GIOTTO-Mine hat einen Durchmesser von 5 mm und ist leicht zu spitzen.   Der GIOTTO Elios Giant Woodfree &#8211; perfekt f\u00fcr gro\u00dfe Gruppen!<\/p>\n","protected":false},"excerpt":{"rendered":"<p>GIOTTO Elios Giant Woodfree \u2013 dreifl\u00e4chige, holzfreie Farbstifte f\u00fcr maximale Kreativit\u00e4t!<\/p>\n","protected":false},"featured_media":29256,"comment_status":"closed","ping_status":"closed","template":"","meta":[],"product_cat":[5077],"product_tag":[5104,5078,5072],"acf":[],"_links":{"self":[{"href":"https:\/\/www.fila.it\/de\/de\/wp-json\/wp\/v2\/product\/28660"}],"collection":[{"href":"https:\/\/www.fila.it\/de\/de\/wp-json\/wp\/v2\/product"}],"about":[{"href":"https:\/\/www.fila.it\/de\/de\/wp-json\/wp\/v2\/types\/product"}],"replies":[{"embeddable":true,"href":"https:\/\/www.fila.it\/de\/de\/wp-json\/wp\/v2\/comments?post=28660"}],"wp:featuredmedia":[{"embeddable":true,"href":"https:\/\/www.fila.it\/de\/de\/wp-json\/wp\/v2\/media\/29256"}],"wp:attachment":[{"href":"https:\/\/www.fila.it\/de\/de\/wp-json\/wp\/v2\/media?parent=28660"}],"wp:term":[{"taxonomy":"product_cat","embeddable":true,"href":"https:\/\/www.fila.it\/de\/de\/wp-json\/wp\/v2\/product_cat?post=28660"},{"taxonomy":"product_tag","embeddable":true,"href":"https:\/\/www.fila.it\/de\/de\/wp-json\/wp\/v2\/product_tag?post=28660"}],"curies":[{"name":"wp","href":"https:\/\/api.w.org\/{rel}","templated":true}]}}