{"id":29896,"date":"2019-12-23T11:46:01","date_gmt":"2019-12-23T10:46:01","guid":{"rendered":"https:\/\/www.fila.it\/de\/?post_type=product&#038;p=29896"},"modified":"2019-12-23T11:46:02","modified_gmt":"2019-12-23T10:46:02","slug":"lyra-graduate-mark-all","status":"publish","type":"product","link":"https:\/\/www.fila.it\/de\/de\/produkt\/lyra-graduate-mark-all\/","title":{"rendered":"Lyra Graduate Mark All"},"content":{"rendered":"<p>Strahlend, kreativ und inspirierend: <strong>MARK ALL ist ein brandneuer Marker der Linie LYRA Graduate.<\/strong>Die Marker haben eine hochwertige Faserspitze, sind mit Tinte auf Wasserbasis hergestellt, um jede Art von Oberfl\u00e4che beschreiben zu k\u00f6nnen und jede Kreation erstaunlich und einzigartig zu machen. Die Stifte eignen sich f\u00fcr Holz, Stoff, Textilien, Kunststoff, Metall, Stein, Leder, Glas, Keramik, Karton und Leinwand.\u00a0Die Fasermaler haben einen glatten Abstrich mit einem matten, hervorragenden Ergebnis und einer schnellen Trocknungszeit.\u00a0Nach dem Trocknen sind die Farben, wasser- und lichtbest\u00e4ndig.<\/p>\n<p>Erh\u00e4ltlich in <strong>18 leuchtenden Farben<\/strong>, von Standardfarben hin zu<span class=\"Apple-converted-space\">\u00a0 <\/span>Neon, Gold und Silber. Die Stifte gibt es in <strong>f\u00fcnf verschiedenen Strichst\u00e4rken<\/strong>:<\/p>\n<p><strong>XS<\/strong>: Ideal zum Schreiben und Zeichnen mit h\u00f6chster Pr\u00e4zision. Extra d\u00fcnne Spitze f\u00fcr eine 0,7-mm starke Linie.<\/p>\n<p><strong>S<\/strong>: F\u00fcr kleine Fl\u00e4chen, auf denen frei gezeichnet und gemalt werden kann. 1 mm Strichst\u00e4rke.<\/p>\n<p><strong>M<\/strong>: Perfekt zum Schreiben und Dekorieren mit sauberen Linien. 2 mm Spitze.<\/p>\n<p><strong>L<\/strong>: Mit Keilspitze zum einwandfreien Zeichnen auf gro\u00dfen Fl\u00e4chen. Mit der Spitze k\u00f6nnen Linien und Kurven gut definiert werden und die gew\u00fcnschte Dicke erzielt werden. Ideal f\u00fcr Markierungen mit einer Strichst\u00e4rke von 8 mm und 4 mm.<\/p>\n<p><strong>XL<\/strong>: Geeignet f\u00fcr gr\u00f6\u00dfere Fl\u00e4chen wie Fenster und W\u00e4nde. Glatt und pr\u00e4zise, ist er ideal f\u00fcr K\u00fcnstler und Schriftsteller. Jumbospitze f\u00fcr extragro\u00dfe Linien von 15 mm und 6 mm je nach Neigungswinkel.<\/p>\n<p>Die neuen LYRA Graduate MARK ALL-Marker eignen sich perfekt zum Zeichnen, Colorieren, Dekorieren, Markieren, Schreiben und Kalligraphieren.<\/p>\n","protected":false},"excerpt":{"rendered":"<p>LYRA Graduate Mark All &#8211; Kreativit\u00e4t auf allen Oberfl\u00e4chen<\/p>\n","protected":false},"featured_media":29897,"comment_status":"closed","ping_status":"closed","template":"","meta":[],"product_cat":[5127],"product_tag":[5129,5128],"acf":[],"_links":{"self":[{"href":"https:\/\/www.fila.it\/de\/de\/wp-json\/wp\/v2\/product\/29896"}],"collection":[{"href":"https:\/\/www.fila.it\/de\/de\/wp-json\/wp\/v2\/product"}],"about":[{"href":"https:\/\/www.fila.it\/de\/de\/wp-json\/wp\/v2\/types\/product"}],"replies":[{"embeddable":true,"href":"https:\/\/www.fila.it\/de\/de\/wp-json\/wp\/v2\/comments?post=29896"}],"wp:featuredmedia":[{"embeddable":true,"href":"https:\/\/www.fila.it\/de\/de\/wp-json\/wp\/v2\/media\/29897"}],"wp:attachment":[{"href":"https:\/\/www.fila.it\/de\/de\/wp-json\/wp\/v2\/media?parent=29896"}],"wp:term":[{"taxonomy":"product_cat","embeddable":true,"href":"https:\/\/www.fila.it\/de\/de\/wp-json\/wp\/v2\/product_cat?post=29896"},{"taxonomy":"product_tag","embeddable":true,"href":"https:\/\/www.fila.it\/de\/de\/wp-json\/wp\/v2\/product_tag?post=29896"}],"curies":[{"name":"wp","href":"https:\/\/api.w.org\/{rel}","templated":true}]}}