{"id":30790,"date":"2022-03-01T15:34:20","date_gmt":"2022-03-01T14:34:20","guid":{"rendered":"https:\/\/www.fila.it\/de\/product\/lyra-kneadable-eraser-medium\/"},"modified":"2022-03-01T17:18:03","modified_gmt":"2022-03-01T16:18:03","slug":"lyra-knetradiergummi-medium","status":"publish","type":"product","link":"https:\/\/www.fila.it\/de\/de\/produkt\/lyra-knetradiergummi-medium\/","title":{"rendered":"LYRA Knetradiergummi Medium"},"content":{"rendered":"<p>Der LYRA Knetradierer ist ein unentbehrliches Werkzeug f\u00fcr K\u00fcnstler, die ihre Werke aufhellen, ver\u00e4ndern und verblassen wollen. Jeder Knetradierer ist einzeln in einem Kartonetui gesch\u00fctzt.<\/p>\n","protected":false},"excerpt":{"rendered":"<p>Der professionelle Radiergummi.<\/p>\n","protected":false},"featured_media":30715,"comment_status":"closed","ping_status":"closed","template":"","meta":[],"product_cat":[5169],"product_tag":[5170,5167],"acf":[],"_links":{"self":[{"href":"https:\/\/www.fila.it\/de\/de\/wp-json\/wp\/v2\/product\/30790"}],"collection":[{"href":"https:\/\/www.fila.it\/de\/de\/wp-json\/wp\/v2\/product"}],"about":[{"href":"https:\/\/www.fila.it\/de\/de\/wp-json\/wp\/v2\/types\/product"}],"replies":[{"embeddable":true,"href":"https:\/\/www.fila.it\/de\/de\/wp-json\/wp\/v2\/comments?post=30790"}],"wp:featuredmedia":[{"embeddable":true,"href":"https:\/\/www.fila.it\/de\/de\/wp-json\/wp\/v2\/media\/30715"}],"wp:attachment":[{"href":"https:\/\/www.fila.it\/de\/de\/wp-json\/wp\/v2\/media?parent=30790"}],"wp:term":[{"taxonomy":"product_cat","embeddable":true,"href":"https:\/\/www.fila.it\/de\/de\/wp-json\/wp\/v2\/product_cat?post=30790"},{"taxonomy":"product_tag","embeddable":true,"href":"https:\/\/www.fila.it\/de\/de\/wp-json\/wp\/v2\/product_tag?post=30790"}],"curies":[{"name":"wp","href":"https:\/\/api.w.org\/{rel}","templated":true}]}}