{"id":20485,"date":"2017-03-15T15:14:00","date_gmt":"2017-03-15T14:14:00","guid":{"rendered":"http:\/\/testfila.digitalmill.it\/en\/contatti-2\/"},"modified":"2018-03-05T18:31:05","modified_gmt":"2018-03-05T17:31:05","slug":"contacts","status":"publish","type":"page","link":"https:\/\/www.fila.it\/de\/en\/contacts\/","title":{"rendered":"Contacts"},"content":{"rendered":"<div class=\"testo_pagina_default\">\n<p class=\"textfeld\"><span lang=\"DE\">Johann Froescheis<br \/>\nLyra-Bleistift-Fabrik GmbH &amp; Co. KG<br \/>\na FILA\u00a0Company<br \/>\nWillst\u00e4tterstra\u00dfe 54-56<br \/>\nD-90449 N\u00fcrnberg<\/span><\/p>\n<p class=\"textfeld\"><span lang=\"DE\">Tel.: +49 911 6805-0<br \/>\nFax: +49 911 6805-200<br \/>\nE-Mail:\u00a0<strong><a href=\"mailto:info@lyra.de\">info@lyra.de<\/a><\/strong><\/span><\/p>\n<p class=\"textfeld\"><span lang=\"DE\">Bewerbung: bewerbung@lyra.de<\/span><\/p>\n<p class=\"textfeld\"><span lang=\"DE\">Web: <strong><a href=\"http:\/\/www.lyra.de\">www.lyra.de<\/a><\/strong><\/span><\/p>\n<\/div>\n","protected":false},"excerpt":{"rendered":"<p>Johann Froescheis Lyra-Bleistift-Fabrik GmbH &amp; Co. KG a FILA\u00a0Company Willst\u00e4tterstra\u00dfe 54-56 D-90449 N\u00fcrnberg Tel.: +49 911 6805-0 Fax: +49 911 6805-200 E-Mail:\u00a0info@lyra.de Bewerbung: bewerbung@lyra.de Web: www.lyra.de<\/p>\n","protected":false},"author":1,"featured_media":0,"parent":0,"menu_order":0,"comment_status":"closed","ping_status":"closed","template":"template-contatti.php","meta":[],"acf":[],"_links":{"self":[{"href":"https:\/\/www.fila.it\/de\/en\/wp-json\/wp\/v2\/pages\/20485"}],"collection":[{"href":"https:\/\/www.fila.it\/de\/en\/wp-json\/wp\/v2\/pages"}],"about":[{"href":"https:\/\/www.fila.it\/de\/en\/wp-json\/wp\/v2\/types\/page"}],"author":[{"embeddable":true,"href":"https:\/\/www.fila.it\/de\/en\/wp-json\/wp\/v2\/users\/1"}],"replies":[{"embeddable":true,"href":"https:\/\/www.fila.it\/de\/en\/wp-json\/wp\/v2\/comments?post=20485"}],"version-history":[{"count":4,"href":"https:\/\/www.fila.it\/de\/en\/wp-json\/wp\/v2\/pages\/20485\/revisions"}],"predecessor-version":[{"id":27442,"href":"https:\/\/www.fila.it\/de\/en\/wp-json\/wp\/v2\/pages\/20485\/revisions\/27442"}],"wp:attachment":[{"href":"https:\/\/www.fila.it\/de\/en\/wp-json\/wp\/v2\/media?parent=20485"}],"curies":[{"name":"wp","href":"https:\/\/api.w.org\/{rel}","templated":true}]}}