{"id":27408,"date":"2018-03-05T17:46:47","date_gmt":"2018-03-05T16:46:47","guid":{"rendered":"https:\/\/www.fila.it\/de\/karriere\/"},"modified":"2024-11-14T11:42:40","modified_gmt":"2024-11-14T10:42:40","slug":"karriere","status":"publish","type":"page","link":"https:\/\/www.fila.it\/de\/en\/karriere\/","title":{"rendered":"Karriere"},"content":{"rendered":"<h2><b>Seit \u00fcber 200 Jahren stehen wir f\u00fcr Innovationskraft und Qualit\u00e4t \u201emade in Germany\u201c, ein Qualit\u00e4tszeichen, welches weltweit Anerkennung erf\u00e4hrt.<\/b><\/h2>\n<p>Das umfangreiche, qualitativ hochwertige Produktsortiment von Holzstiften f\u00fcr Kindergarten, Schule, Kunst, B\u00fcro und Industrie wird seit 2008 durch Schreib- und Zeichenger\u00e4te der italienischen FILA Gruppe erg\u00e4nzt. Die FILA Gruppe z\u00e4hlt heute zu den gr\u00f6\u00dften Schreibger\u00e4teherstellern weltweit. Unter der F\u00fchrung der Familie Candela (seit 1956) ist die Unternehmensgruppe mit der Zentrale in Pero bei Mailand heute ein erfolgreiches Beispiel f\u00fcr ein Familienunternehmen, das sich zu einem multinationalen Konzern mit \u00fcber 25 Marken, 35 Niederlassungen, 22 Produktionsst\u00e4tten und ca. 8.000 Mitarbeitern weltweit entwickelt hat.<\/p>\n<p>Wir pr\u00e4sentieren unter unseren unterschiedlichen Marken Produkte f\u00fcr alle Altersstufen von 2 \u2013 99 Jahren. Unser Sortiment h\u00e4lt hierbei von den ersten Malversuchen der Kleinsten bis hin zu hochwertigen K\u00fcnstlerstiften f\u00fcr professionelle Anwender, f\u00fcr nahezu jeden Bereich des Malens, Zeichnens, Modellierens und Bastelns ein entsprechendes Produkt bereit.<\/p>\n<p>Wollen auch Sie unsere Firmengeschichte mit fortschreiben, dann informieren Sie sich \u00fcber unsere aktuellen Stellenangebote.<\/p>\n<p>Wir freuen uns auf Ihre aussagekr\u00e4ftigen Bewerbungsunterlagen unter <a href=\"mailto:bewerbung@lyra.de\">bewerbung@lyra.de<\/a><\/p>\n<p>Zum 1. September 2025 suchen wir dich f\u00fcr die Ausbildung zum Industriekaufmann (w\/m\/d) am Standort N\u00fcrnberg:<\/p>\n<p><span style=\"color: #3366ff;\"><a style=\"color: #3366ff;\" href=\"https:\/\/www.fila.it\/de\/..\/up\/sites\/8\/2025_Industriekauffrau_mann.pdf\" target=\"_blank\" rel=\"noopener\">Zur Stellenausschreibung<\/a><\/span><\/p>\n<p><span style=\"color: #3366ff;\"><a style=\"color: #3366ff;\" href=\"https:\/\/www.fila.it\/de\/..\/up\/sites\/8\/FAQ-zur-Ausbildung-bei-LYRA.pdf\" target=\"_blank\" rel=\"noopener\">FAQ zur Ausbildung bei LYRA<\/a><\/span><\/p>\n<p><span style=\"color: #3366ff;\"><a style=\"color: #3366ff;\" href=\"https:\/\/www.fila.it\/de\/..\/up\/sites\/8\/Azubi-Interview.pdf\" target=\"_blank\" rel=\"noopener\">Unsere Azubis Nadine, Gregor, Julia, Melissa und Lisa stehen im Interview Rede und Antwort.<\/a><\/span><\/p>\n","protected":false},"excerpt":{"rendered":"<p>Seit \u00fcber 200 Jahren stehen wir f\u00fcr Innovationskraft und Qualit\u00e4t \u201emade in Germany\u201c, ein Qualit\u00e4tszeichen, welches weltweit Anerkennung erf\u00e4hrt. Das umfangreiche, qualitativ hochwertige Produktsortiment von Holzstiften f\u00fcr Kindergarten, Schule, Kunst, B\u00fcro und Industrie wird seit 2008 durch Schreib- und Zeichenger\u00e4te &hellip; <a href=\"https:\/\/www.fila.it\/de\/en\/karriere\/\">Continued<\/a><\/p>\n","protected":false},"author":3,"featured_media":0,"parent":0,"menu_order":0,"comment_status":"closed","ping_status":"closed","template":"","meta":[],"acf":[],"_links":{"self":[{"href":"https:\/\/www.fila.it\/de\/en\/wp-json\/wp\/v2\/pages\/27408"}],"collection":[{"href":"https:\/\/www.fila.it\/de\/en\/wp-json\/wp\/v2\/pages"}],"about":[{"href":"https:\/\/www.fila.it\/de\/en\/wp-json\/wp\/v2\/types\/page"}],"author":[{"embeddable":true,"href":"https:\/\/www.fila.it\/de\/en\/wp-json\/wp\/v2\/users\/3"}],"replies":[{"embeddable":true,"href":"https:\/\/www.fila.it\/de\/en\/wp-json\/wp\/v2\/comments?post=27408"}],"version-history":[{"count":3,"href":"https:\/\/www.fila.it\/de\/en\/wp-json\/wp\/v2\/pages\/27408\/revisions"}],"predecessor-version":[{"id":31311,"href":"https:\/\/www.fila.it\/de\/en\/wp-json\/wp\/v2\/pages\/27408\/revisions\/31311"}],"wp:attachment":[{"href":"https:\/\/www.fila.it\/de\/en\/wp-json\/wp\/v2\/media?parent=27408"}],"curies":[{"name":"wp","href":"https:\/\/api.w.org\/{rel}","templated":true}]}}